{"id":27324,"date":"2025-01-09T12:01:39","date_gmt":"2025-01-09T11:01:39","guid":{"rendered":"https:\/\/denpanels.com\/panely\/prislusenstvi\/led-light-cover\/"},"modified":"2025-04-15T13:19:11","modified_gmt":"2025-04-15T11:19:11","slug":"led-light-cover","status":"publish","type":"page","link":"https:\/\/denpanels.com\/cs\/panely\/prislusenstvi\/led-light-cover\/","title":{"rendered":"LED Light Cover"},"content":{"rendered":"","protected":false},"excerpt":{"rendered":"","protected":false},"author":3,"featured_media":0,"parent":27050,"menu_order":0,"comment_status":"closed","ping_status":"closed","template":"","meta":{"_acf_changed":false,"footnotes":""},"page-section":[524,525,529,526],"page-template":[370],"class_list":["post-27324","page","type-page","status-publish","hentry","page-section-datasheet","page-section-hero","page-section-highlighted-inspiration","page-section-product-category","page-template-product-sub-category"],"acf":{"product_category-selected":740,"product_category-headline_p1":"Vylep\u0161ete sv\u00e9 akustick\u00e9 panely","product_category-headline_p2":"s LED Light Covery","product_category-introduction":"V Denpanels v\u00e1m usnad\u0148ujeme integraci stylov\u00e9ho osv\u011btlen\u00ed do va\u0161ich akustick\u00fdch panel\u016f d\u00edky na\u0161emu LED Light Cover.\r\n\r\nTento profil je navr\u017een pro snadnou instalaci \u2013 jednodu\u0161e se nasad\u00ed na LED p\u00e1sek um\u00edst\u011bn\u00fd mezi lamelami a zajist\u00ed rovnom\u011brn\u00e9 rozpt\u00fdlen\u00ed sv\u011btla a \u010dist\u00fd vzhled bez nutnosti \u00faprav samotn\u00e9ho LED p\u00e1sku.\r\n\r\n<strong>Elegantn\u00ed a modern\u00ed<\/strong> \u2013 zlep\u0161uje osv\u011btlen\u00ed i celkov\u00fd design panelu.  \r\n<strong>Snadn\u00e1 instalace<\/strong> \u2013 sta\u010d\u00ed um\u00edstit p\u0159\u00edmo na LED p\u00e1sek.  \r\n<strong>Dokonal\u00e9 p\u0159izp\u016fsoben\u00ed<\/strong> \u2013 navr\u017eeno pro pou\u017eit\u00ed s akustick\u00fdmi panely Denpanels.\r\n\r\n<strong>Technick\u00e9 \u00fadaje:<\/strong>  \r\nRozm\u011bry: 600 \u00d7 45 \u00d7 10 mm  \r\nBalen\u00ed obsahuje: 4 LED Light Covery\r\n\r\nLED p\u00e1sek nen\u00ed sou\u010d\u00e1st\u00ed balen\u00ed.\r\n\r\nVytvo\u0159te kr\u00e1sn\u011b osv\u011btlen\u00fd prostor s minim\u00e1ln\u00edm \u00fasil\u00edm!","product_category-highlighted_media":27325,"product_category-cta":{"product_category_cta":null},"comparrison_image":null,"product_category-some_of_our_combinations":26790,"hero-media":[27326],"hero-h1":"LED Light Cover","hero-sub_header":""},"_links":{"self":[{"href":"https:\/\/denpanels.com\/cs\/wp-json\/wp\/v2\/pages\/27324","targetHints":{"allow":["GET"]}}],"collection":[{"href":"https:\/\/denpanels.com\/cs\/wp-json\/wp\/v2\/pages"}],"about":[{"href":"https:\/\/denpanels.com\/cs\/wp-json\/wp\/v2\/types\/page"}],"author":[{"embeddable":true,"href":"https:\/\/denpanels.com\/cs\/wp-json\/wp\/v2\/users\/3"}],"replies":[{"embeddable":true,"href":"https:\/\/denpanels.com\/cs\/wp-json\/wp\/v2\/comments?post=27324"}],"version-history":[{"count":2,"href":"https:\/\/denpanels.com\/cs\/wp-json\/wp\/v2\/pages\/27324\/revisions"}],"predecessor-version":[{"id":28092,"href":"https:\/\/denpanels.com\/cs\/wp-json\/wp\/v2\/pages\/27324\/revisions\/28092"}],"up":[{"embeddable":true,"href":"https:\/\/denpanels.com\/cs\/wp-json\/wp\/v2\/pages\/27050"}],"acf:attachment":[{"embeddable":true,"href":"https:\/\/denpanels.com\/cs\/wp-json\/wp\/v2\/media\/27326"}],"acf:post":[{"embeddable":true,"href":"https:\/\/denpanels.com\/cs\/wp-json\/wp\/v2\/translation\/26790"}],"acf:term":[{"embeddable":true,"taxonomy":"product-category","href":"https:\/\/denpanels.com\/cs\/wp-json\/wp\/v2\/product-category\/740"}],"wp:attachment":[{"href":"https:\/\/denpanels.com\/cs\/wp-json\/wp\/v2\/media?parent=27324"}],"wp:term":[{"taxonomy":"page-section","embeddable":true,"href":"https:\/\/denpanels.com\/cs\/wp-json\/wp\/v2\/page-section?post=27324"},{"taxonomy":"page-template","embeddable":true,"href":"https:\/\/denpanels.com\/cs\/wp-json\/wp\/v2\/page-template?post=27324"}],"curies":[{"name":"wp","href":"https:\/\/api.w.org\/{rel}","templated":true}]}}