{"id":27319,"date":"2025-01-09T12:05:05","date_gmt":"2025-01-09T11:05:05","guid":{"rendered":"https:\/\/denpanels.com\/panely\/prislusenstvi\/storage\/"},"modified":"2025-04-15T13:06:48","modified_gmt":"2025-04-15T11:06:48","slug":"ulozne-reseni","status":"publish","type":"page","link":"https:\/\/denpanels.com\/cs\/panely\/prislusenstvi\/ulozne-reseni\/","title":{"rendered":"\u00dalo\u017en\u00e9 \u0159e\u0161en\u00ed"},"content":{"rendered":"<div><\/div>\n<div><\/div>\n<p>&nbsp;<\/p>\n<p>&nbsp;<\/p>\n<ul>\n<li><\/li>\n<li><\/li>\n<li><\/li>\n<li><\/li>\n<\/ul>\n<ul>\n<li><\/li>\n<li><\/li>\n<li><\/li>\n<li><\/li>\n<\/ul>\n<ul>\n<li><\/li>\n<li><\/li>\n<li><\/li>\n<li><\/li>\n<\/ul>\n<ul>\n<li><\/li>\n<li><\/li>\n<li><\/li>\n<li><\/li>\n<\/ul>\n<div><\/div>\n<p><!--more--><\/p>\n","protected":false},"excerpt":{"rendered":"<p>&nbsp; &nbsp;<\/p>\n","protected":false},"author":3,"featured_media":0,"parent":27050,"menu_order":0,"comment_status":"closed","ping_status":"closed","template":"","meta":{"_acf_changed":false,"footnotes":""},"page-section":[524,525,529,528,526],"page-template":[370],"class_list":["post-27319","page","type-page","status-publish","hentry","page-section-datasheet","page-section-hero","page-section-highlighted-inspiration","page-section-megamenu","page-section-product-category","page-template-product-sub-category"],"acf":{"product_category-selected":745,"product_category-headline_p1":"Chytr\u00e9 \u00falo\u017en\u00e9 \u0159e\u0161en\u00ed","product_category-headline_p2":"v kombinaci se stylov\u00fdm designem","product_category-introduction":"V Denpanels prom\u011b\u0148ujeme va\u0161e akustick\u00e9 panely v praktick\u00e1 \u00falo\u017en\u00e1 \u0159e\u0161en\u00ed d\u00edky na\u0161im elegantn\u00edm a funk\u010dn\u00edm polic\u00edm. Jsou navr\u017eeny pro snadnou mont\u00e1\u017e a nab\u00edzej\u00ed chytr\u00fd zp\u016fsob, jak ukl\u00e1dat a vystavovat ka\u017edodenn\u00ed nezbytnosti bez kompromis\u016f v akustice.\r\n\r\n<strong>Snadn\u00e1 instalace<\/strong> \u2013 dokonale se integruj\u00ed s va\u0161imi akustick\u00fdmi panely.  \r\n<strong>Univerz\u00e1ln\u00ed design<\/strong> \u2013 ide\u00e1ln\u00ed pro rostliny, knihy a dekorace.  \r\n<strong>Pevn\u00e9 a odoln\u00e9<\/strong> \u2013 unesou a\u017e 5 kg \/ 11 liber.\r\n\r\n<strong>\u00dalo\u017en\u00e9 police s h\u00e1\u010dky<\/strong>  \r\nDodejte sv\u00e9 p\u0159eds\u00edni, kancel\u00e1\u0159i nebo ob\u00fdvac\u00edmu prostoru funk\u010dnost i styl s na\u0161imi policemi s integrovan\u00fdmi \u010dty\u0159mi h\u00e1\u010dky. Ide\u00e1ln\u00ed pro kl\u00ed\u010de, ta\u0161ky a dal\u0161\u00ed drobnosti \u2013 pom\u00e1haj\u00ed udr\u017eet po\u0159\u00e1dek a p\u0159itom zachovat optim\u00e1ln\u00ed akustiku m\u00edstnosti.\r\n\r\nRozm\u011bry: 50 \u00d7 215 \u00d7 70 mm  \r\nNosnost: 5 kg \/ 11 liber\r\n\r\nChytr\u00e9 \u00falo\u017en\u00e9 \u0159e\u0161en\u00ed jednodu\u0161e.","product_category-highlighted_media":27320,"product_category-cta":{"product_category_cta":null},"comparrison_image":null,"product_category-some_of_our_combinations":26790,"hero-media":[12382,27057],"hero-h1":"\u00dalo\u017en\u00e9 \u0159e\u0161en\u00ed","hero-sub_header":""},"_links":{"self":[{"href":"https:\/\/denpanels.com\/cs\/wp-json\/wp\/v2\/pages\/27319","targetHints":{"allow":["GET"]}}],"collection":[{"href":"https:\/\/denpanels.com\/cs\/wp-json\/wp\/v2\/pages"}],"about":[{"href":"https:\/\/denpanels.com\/cs\/wp-json\/wp\/v2\/types\/page"}],"author":[{"embeddable":true,"href":"https:\/\/denpanels.com\/cs\/wp-json\/wp\/v2\/users\/3"}],"replies":[{"embeddable":true,"href":"https:\/\/denpanels.com\/cs\/wp-json\/wp\/v2\/comments?post=27319"}],"version-history":[{"count":4,"href":"https:\/\/denpanels.com\/cs\/wp-json\/wp\/v2\/pages\/27319\/revisions"}],"predecessor-version":[{"id":28078,"href":"https:\/\/denpanels.com\/cs\/wp-json\/wp\/v2\/pages\/27319\/revisions\/28078"}],"up":[{"embeddable":true,"href":"https:\/\/denpanels.com\/cs\/wp-json\/wp\/v2\/pages\/27050"}],"acf:attachment":[{"embeddable":true,"href":"https:\/\/denpanels.com\/cs\/wp-json\/wp\/v2\/media\/27057"},{"embeddable":true,"href":"https:\/\/denpanels.com\/cs\/wp-json\/wp\/v2\/media\/12382"}],"acf:post":[{"embeddable":true,"href":"https:\/\/denpanels.com\/cs\/wp-json\/wp\/v2\/translation\/26790"}],"acf:term":[{"embeddable":true,"taxonomy":"product-category","href":"https:\/\/denpanels.com\/cs\/wp-json\/wp\/v2\/product-category\/745"}],"wp:attachment":[{"href":"https:\/\/denpanels.com\/cs\/wp-json\/wp\/v2\/media?parent=27319"}],"wp:term":[{"taxonomy":"page-section","embeddable":true,"href":"https:\/\/denpanels.com\/cs\/wp-json\/wp\/v2\/page-section?post=27319"},{"taxonomy":"page-template","embeddable":true,"href":"https:\/\/denpanels.com\/cs\/wp-json\/wp\/v2\/page-template?post=27319"}],"curies":[{"name":"wp","href":"https:\/\/api.w.org\/{rel}","templated":true}]}}