{"id":27312,"date":"2024-11-28T10:50:59","date_gmt":"2024-11-28T09:50:59","guid":{"rendered":"https:\/\/denpanels.com\/panely\/prislusenstvi\/hooks-brackets\/"},"modified":"2025-04-15T13:11:56","modified_gmt":"2025-04-15T11:11:56","slug":"hacky-a-drzaky","status":"publish","type":"page","link":"https:\/\/denpanels.com\/cs\/panely\/prislusenstvi\/hacky-a-drzaky\/","title":{"rendered":"H\u00e1\u010dky a dr\u017e\u00e1ky"},"content":{"rendered":"","protected":false},"excerpt":{"rendered":"","protected":false},"author":1,"featured_media":0,"parent":27050,"menu_order":0,"comment_status":"closed","ping_status":"closed","template":"","meta":{"_acf_changed":false,"footnotes":""},"page-section":[524,525,529,526],"page-template":[370],"class_list":["post-27312","page","type-page","status-publish","hentry","page-section-datasheet","page-section-hero","page-section-highlighted-inspiration","page-section-product-category","page-template-product-sub-category"],"acf":{"product_category-selected":747,"product_category-headline_p1":"Vylep\u0161ete sv\u00e9 akustick\u00e9 panely","product_category-headline_p2":"s chytrou a stylovou funk\u010dnost\u00ed","product_category-introduction":"V Denpanels v\u00e1m usnad\u0148ujeme propojen\u00ed designu a prakti\u010dnosti d\u00edky na\u0161im inovativn\u00edm h\u00e1\u010dk\u016fm a dr\u017e\u00e1k\u016fm, kter\u00e9 prom\u011bn\u00ed va\u0161e akustick\u00e9 panely v chytr\u00e1 \u00falo\u017en\u00e1 \u0159e\u0161en\u00ed.\r\n\r\n- Chytr\u00e9 a stylov\u00e9 \u2013 \u00falo\u017en\u00fd prostor elegantn\u011b integrovan\u00fd do panelov\u00e9ho designu.  \r\n- Snadn\u00e1 instalace \u2013 kompatibiln\u00ed s\u202fhorizont\u00e1ln\u00edm i vertik\u00e1ln\u00edm uspo\u0159\u00e1d\u00e1n\u00edm panel\u016f.  \r\n- Pevn\u00e9 a bezpe\u010dn\u00e9 \u2013 ka\u017ed\u00fd h\u00e1\u010dek unese a\u017e 5 kg \/ 11 liber.\r\n\r\nPou\u017eijte h\u00e1\u010dky na zav\u011b\u0161en\u00ed bund, ta\u0161ek a kl\u00ed\u010d\u016f, nebo si pomoc\u00ed dr\u017e\u00e1k\u016f p\u0159izp\u016fsobte panely pro police, \u00fachyty \u010di dal\u0161\u00ed h\u00e1\u010dky podle sv\u00e9ho stylu.\r\n\r\n<strong>Instalace je rychl\u00e1 a intuitivn\u00ed:<\/strong>  \r\n- Horizont\u00e1ln\u00ed panely: Dr\u017e\u00e1k se bezpe\u010dn\u011b zacvakne za lamelu pro skryt\u00e9 a stabiln\u00ed uchycen\u00ed.  \r\n- Vertik\u00e1ln\u00ed panely: P\u0159ipevn\u011bte svisl\u00fd mont\u00e1\u017en\u00ed prvek (prod\u00e1v\u00e1 se samostatn\u011b) na pls\u0165 a n\u00e1sledn\u011b upevn\u011bte dr\u017e\u00e1k na po\u017eadovan\u00e9 m\u00edsto.\r\n\r\nS na\u0161imi h\u00e1\u010dky a dr\u017e\u00e1ky se va\u0161e akustick\u00e9 panely stanou nejen designov\u00fdm prvkem, ale tak\u00e9 praktickou a organizovanou sou\u010d\u00e1st\u00ed interi\u00e9ru.\r\n\r\nKa\u017ed\u00e9 balen\u00ed obsahuje 2 kusy.","product_category-highlighted_media":27316,"product_category-cta":{"product_category_cta":null},"comparrison_image":null,"product_category-some_of_our_combinations":26790,"hero-media":[27315],"hero-h1":"H\u00e1\u010dky a dr\u017e\u00e1ky","hero-sub_header":""},"_links":{"self":[{"href":"https:\/\/denpanels.com\/cs\/wp-json\/wp\/v2\/pages\/27312","targetHints":{"allow":["GET"]}}],"collection":[{"href":"https:\/\/denpanels.com\/cs\/wp-json\/wp\/v2\/pages"}],"about":[{"href":"https:\/\/denpanels.com\/cs\/wp-json\/wp\/v2\/types\/page"}],"author":[{"embeddable":true,"href":"https:\/\/denpanels.com\/cs\/wp-json\/wp\/v2\/users\/1"}],"replies":[{"embeddable":true,"href":"https:\/\/denpanels.com\/cs\/wp-json\/wp\/v2\/comments?post=27312"}],"version-history":[{"count":3,"href":"https:\/\/denpanels.com\/cs\/wp-json\/wp\/v2\/pages\/27312\/revisions"}],"predecessor-version":[{"id":28085,"href":"https:\/\/denpanels.com\/cs\/wp-json\/wp\/v2\/pages\/27312\/revisions\/28085"}],"up":[{"embeddable":true,"href":"https:\/\/denpanels.com\/cs\/wp-json\/wp\/v2\/pages\/27050"}],"acf:attachment":[{"embeddable":true,"href":"https:\/\/denpanels.com\/cs\/wp-json\/wp\/v2\/media\/27315"}],"acf:post":[{"embeddable":true,"href":"https:\/\/denpanels.com\/cs\/wp-json\/wp\/v2\/translation\/26790"}],"acf:term":[{"embeddable":true,"taxonomy":"product-category","href":"https:\/\/denpanels.com\/cs\/wp-json\/wp\/v2\/product-category\/747"}],"wp:attachment":[{"href":"https:\/\/denpanels.com\/cs\/wp-json\/wp\/v2\/media?parent=27312"}],"wp:term":[{"taxonomy":"page-section","embeddable":true,"href":"https:\/\/denpanels.com\/cs\/wp-json\/wp\/v2\/page-section?post=27312"},{"taxonomy":"page-template","embeddable":true,"href":"https:\/\/denpanels.com\/cs\/wp-json\/wp\/v2\/page-template?post=27312"}],"curies":[{"name":"wp","href":"https:\/\/api.w.org\/{rel}","templated":true}]}}