{"id":27308,"date":"2025-01-09T12:08:22","date_gmt":"2025-01-09T11:08:22","guid":{"rendered":"https:\/\/denpanels.com\/panely\/prislusenstvi\/frames\/"},"modified":"2026-02-12T10:23:35","modified_gmt":"2026-02-12T09:23:35","slug":"frames","status":"publish","type":"page","link":"https:\/\/denpanels.com\/cs\/panely\/prislusenstvi\/frames\/","title":{"rendered":"Frames"},"content":{"rendered":"","protected":false},"excerpt":{"rendered":"","protected":false},"author":3,"featured_media":0,"parent":27050,"menu_order":0,"comment_status":"closed","ping_status":"closed","template":"","meta":{"_acf_changed":false,"footnotes":""},"page-section":[524,525,529,528,526],"page-template":[370],"class_list":["post-27308","page","type-page","status-publish","hentry","page-section-datasheet","page-section-hero","page-section-highlighted-inspiration","page-section-megamenu","page-section-product-category","page-template-product-sub-category"],"acf":{"product_category-selected":756,"product_category-headline_p1":"Dokonal\u00e9 p\u0159izp\u016fsoben\u00ed","product_category-headline_p2":"pro bezchybn\u00e9 zakon\u010den\u00ed","product_category-introduction":"Hled\u00e1te \u010dist\u00fd a profesion\u00e1ln\u00ed zp\u016fsob, jak integrovat elektrick\u00e9 z\u00e1suvky do va\u0161ich akustick\u00fdch panel\u016f?\r\n\r\nR\u00e1my od spole\u010dnosti Denpanels jsou vyvinuty tak, aby vytvo\u0159ily p\u0159esn\u00e9 a bezprobl\u00e9mov\u00e9 \u0159e\u0161en\u00ed, kter\u00e9 zachov\u00e1 jak vizu\u00e1ln\u00ed vzhled, tak akustick\u00e9 vlastnosti va\u0161ich panel\u016f. Ka\u017ed\u00fd r\u00e1m je navr\u017een tak, aby dokonale ladil s va\u0161imi d\u0159ev\u011bn\u00fdmi panely, a je vyroben z MDF desky pota\u017een\u00e9 pravou d\u0159ev\u011bnou d\u00fdhou, kter\u00e1 odpov\u00edd\u00e1 va\u0161im panel\u016fm Denpanels, co\u017e zaji\u0161\u0165uje harmonick\u00fd a jednotn\u00fd vzhled.\r\n\r\nR\u00e1my jsou na m\u00edru \u0159ezan\u00e9 tak, aby se hodily k va\u0161\u00ed konkr\u00e9tn\u00ed instalaci z\u00e1suvek, d\u00edky \u010demu\u017e se technick\u00e9 prvky stanou p\u0159irozenou a rafinovanou sou\u010d\u00e1st\u00ed celkov\u00e9ho designu. \u00dahledn\u00fdm zar\u00e1mov\u00e1n\u00edm z\u00e1suvky do povrchu panelu dos\u00e1hnete \u010dist\u00e9ho, soudr\u017en\u00e9ho povrchu, ani\u017e byste ohrozili elegantn\u00ed estetiku panelu nebo jeho zvukov\u011b izola\u010dn\u00ed vlastnosti.\r\n\r\nR\u00e1my jsou precizn\u011b vyrobeny a vych\u00e1zej\u00ed z vysoce kvalitn\u00edho d\u00e1nsk\u00e9ho designu. Spojuj\u00ed v sob\u011b smysl pro detail, funk\u010dnost a vizu\u00e1ln\u00ed jednotnost. V\u00fdsledkem je promy\u0161len\u00fd detail, kter\u00fd zkr\u00e1\u0161luje prostor \u2013 stylov\u00fd, integrovan\u00fd a pln\u011b funk\u010dn\u00ed.","product_category-highlighted_media":29446,"product_category-cta":{"product_category_cta":null},"comparrison_image":29437,"product_category-some_of_our_combinations":26790,"hero-media":[27310],"hero-h1":"Frames","hero-sub_header":""},"_links":{"self":[{"href":"https:\/\/denpanels.com\/cs\/wp-json\/wp\/v2\/pages\/27308","targetHints":{"allow":["GET"]}}],"collection":[{"href":"https:\/\/denpanels.com\/cs\/wp-json\/wp\/v2\/pages"}],"about":[{"href":"https:\/\/denpanels.com\/cs\/wp-json\/wp\/v2\/types\/page"}],"author":[{"embeddable":true,"href":"https:\/\/denpanels.com\/cs\/wp-json\/wp\/v2\/users\/3"}],"replies":[{"embeddable":true,"href":"https:\/\/denpanels.com\/cs\/wp-json\/wp\/v2\/comments?post=27308"}],"version-history":[{"count":2,"href":"https:\/\/denpanels.com\/cs\/wp-json\/wp\/v2\/pages\/27308\/revisions"}],"predecessor-version":[{"id":31022,"href":"https:\/\/denpanels.com\/cs\/wp-json\/wp\/v2\/pages\/27308\/revisions\/31022"}],"up":[{"embeddable":true,"href":"https:\/\/denpanels.com\/cs\/wp-json\/wp\/v2\/pages\/27050"}],"acf:attachment":[{"embeddable":true,"href":"https:\/\/denpanels.com\/cs\/wp-json\/wp\/v2\/media\/27310"}],"acf:post":[{"embeddable":true,"href":"https:\/\/denpanels.com\/cs\/wp-json\/wp\/v2\/translation\/26790"}],"acf:term":[{"embeddable":true,"taxonomy":"product-category","href":"https:\/\/denpanels.com\/cs\/wp-json\/wp\/v2\/product-category\/756"}],"wp:attachment":[{"href":"https:\/\/denpanels.com\/cs\/wp-json\/wp\/v2\/media?parent=27308"}],"wp:term":[{"taxonomy":"page-section","embeddable":true,"href":"https:\/\/denpanels.com\/cs\/wp-json\/wp\/v2\/page-section?post=27308"},{"taxonomy":"page-template","embeddable":true,"href":"https:\/\/denpanels.com\/cs\/wp-json\/wp\/v2\/page-template?post=27308"}],"curies":[{"name":"wp","href":"https:\/\/api.w.org\/{rel}","templated":true}]}}