{"id":27302,"date":"2025-01-09T12:14:33","date_gmt":"2025-01-09T11:14:33","guid":{"rendered":"https:\/\/denpanels.com\/panely\/prislusenstvi\/oils\/"},"modified":"2025-04-02T10:00:26","modified_gmt":"2025-04-02T08:00:26","slug":"oils","status":"publish","type":"page","link":"https:\/\/denpanels.com\/cs\/panely\/prislusenstvi\/oils\/","title":{"rendered":"Oleje"},"content":{"rendered":"","protected":false},"excerpt":{"rendered":"","protected":false},"author":3,"featured_media":0,"parent":27050,"menu_order":0,"comment_status":"closed","ping_status":"closed","template":"","meta":{"_acf_changed":false,"footnotes":""},"page-section":[525,529,528,526],"page-template":[370],"class_list":["post-27302","page","type-page","status-publish","hentry","page-section-hero","page-section-highlighted-inspiration","page-section-megamenu","page-section-product-category","page-template-product-sub-category"],"acf":{"product_category-selected":738,"product_category-headline_p1":"Chra\u0148te, zv\u00fdrazn\u011bte a","product_category-headline_p2":"P\u0159izp\u016fsobte sv\u00e9 d\u0159ev\u011bn\u00e9 panely podle sebe","product_category-introduction":"V Denpanels v\u00e1m pom\u00e1h\u00e1me prodlou\u017eit \u017eivotnost, zv\u00fdraznit p\u0159irozenou kr\u00e1su a p\u0159izp\u016fsobit vzhled va\u0161ich panel\u016f pomoc\u00ed na\u0161ich vysoce kvalitn\u00edch o\u0161et\u0159uj\u00edc\u00edch olej\u016f.\r\n\r\n<strong>O\u017eivuje a chr\u00e1n\u00ed<\/strong> \u2013 vy\u017eivuje d\u0159evo a zaji\u0161\u0165uje odoln\u00fd povrch.  \r\n<strong>Zv\u00fdraz\u0148uje strukturu<\/strong> \u2013 podtrhuje p\u0159irozenou kresbu d\u0159eva pro elegantn\u00ed vzhled.  \r\n<strong>Mo\u017enost p\u0159izp\u016fsoben\u00ed<\/strong> \u2013 k dispozici v p\u011bti elegantn\u00edch odst\u00ednech podle va\u0161eho stylu.\r\n\r\nKa\u017ed\u00e1 500ml lahev se snadno nan\u00e1\u0161\u00ed \u2013 sta\u010d\u00ed postupovat podle n\u00e1vodu pro dosa\u017een\u00ed nejlep\u0161\u00edch v\u00fdsledk\u016f.\r\n\r\nZachovejte. Zv\u00fdrazn\u011bte. P\u0159izp\u016fsobte.","product_category-highlighted_media":27306,"product_category-cta":{"product_category_cta":null},"comparrison_image":null,"product_category-some_of_our_combinations":26790,"hero-media":[27303],"hero-h1":"Oleje","hero-sub_header":""},"_links":{"self":[{"href":"https:\/\/denpanels.com\/cs\/wp-json\/wp\/v2\/pages\/27302","targetHints":{"allow":["GET"]}}],"collection":[{"href":"https:\/\/denpanels.com\/cs\/wp-json\/wp\/v2\/pages"}],"about":[{"href":"https:\/\/denpanels.com\/cs\/wp-json\/wp\/v2\/types\/page"}],"author":[{"embeddable":true,"href":"https:\/\/denpanels.com\/cs\/wp-json\/wp\/v2\/users\/3"}],"replies":[{"embeddable":true,"href":"https:\/\/denpanels.com\/cs\/wp-json\/wp\/v2\/comments?post=27302"}],"version-history":[{"count":2,"href":"https:\/\/denpanels.com\/cs\/wp-json\/wp\/v2\/pages\/27302\/revisions"}],"predecessor-version":[{"id":27307,"href":"https:\/\/denpanels.com\/cs\/wp-json\/wp\/v2\/pages\/27302\/revisions\/27307"}],"up":[{"embeddable":true,"href":"https:\/\/denpanels.com\/cs\/wp-json\/wp\/v2\/pages\/27050"}],"acf:attachment":[{"embeddable":true,"href":"https:\/\/denpanels.com\/cs\/wp-json\/wp\/v2\/media\/27303"}],"acf:post":[{"embeddable":true,"href":"https:\/\/denpanels.com\/cs\/wp-json\/wp\/v2\/translation\/26790"}],"acf:term":[{"embeddable":true,"taxonomy":"product-category","href":"https:\/\/denpanels.com\/cs\/wp-json\/wp\/v2\/product-category\/738"}],"wp:attachment":[{"href":"https:\/\/denpanels.com\/cs\/wp-json\/wp\/v2\/media?parent=27302"}],"wp:term":[{"taxonomy":"page-section","embeddable":true,"href":"https:\/\/denpanels.com\/cs\/wp-json\/wp\/v2\/page-section?post=27302"},{"taxonomy":"page-template","embeddable":true,"href":"https:\/\/denpanels.com\/cs\/wp-json\/wp\/v2\/page-template?post=27302"}],"curies":[{"name":"wp","href":"https:\/\/api.w.org\/{rel}","templated":true}]}}