{"id":27285,"date":"2025-01-09T12:11:21","date_gmt":"2025-01-09T11:11:21","guid":{"rendered":"https:\/\/denpanels.com\/panely\/prislusenstvi\/finishing-slats\/"},"modified":"2025-04-02T09:57:35","modified_gmt":"2025-04-02T07:57:35","slug":"dokoncovaci-lamely","status":"publish","type":"page","link":"https:\/\/denpanels.com\/cs\/panely\/prislusenstvi\/dokoncovaci-lamely\/","title":{"rendered":"Dokon\u010dovac\u00ed lamely"},"content":{"rendered":"","protected":false},"excerpt":{"rendered":"","protected":false},"author":3,"featured_media":0,"parent":27050,"menu_order":0,"comment_status":"closed","ping_status":"closed","template":"","meta":{"_acf_changed":false,"footnotes":""},"page-section":[536,524,525,528,526],"page-template":[497],"class_list":["post-27285","page","type-page","status-publish","hentry","page-section-content-blocks","page-section-datasheet","page-section-hero","page-section-megamenu","page-section-product-category","page-template-category-finishing-slates"],"acf":{"finishing_slats-sub_categories_copy":[498,499],"product_category-selected":755,"product_category-headline_p1":"Dokon\u010dovac\u00ed lamely:","product_category-headline_p2":"Dokonal\u00e1 te\u010dka na z\u00e1v\u011br","product_category-introduction":"V Denpanels nab\u00edz\u00edme dokon\u010dovac\u00ed lamely pro plynul\u00e9 a jednotn\u00e9 d\u0159ev\u011bn\u00e9 zakon\u010den\u00ed va\u0161\u00ed instalace akustick\u00fdch panel\u016f. Zat\u00edmco n\u011bkte\u0159\u00ed d\u00e1vaj\u00ed p\u0159ednost \u010dern\u00fdm okraj\u016fm, jin\u00ed up\u0159ednost\u0148uj\u00ed p\u0159irozen\u00fd vzhled d\u0159eva \u2013 a pr\u00e1v\u011b k tomu slou\u017e\u00ed na\u0161e dokon\u010dovac\u00ed lamely!\r\n\r\n<strong>Lad\u00ed s va\u0161imi panely<\/strong> \u2013 vyrobeny z probarven\u00e9 MDF s pravou d\u0159ev\u011bnou d\u00fdhou.  \r\n<strong>Snadn\u00e1 instalace<\/strong> \u2013 jednodu\u0161e p\u0159ilep\u00edte mont\u00e1\u017en\u00edm lepidlem.  \r\n<strong>Zak\u00e1zkov\u00e9 rozm\u011bry<\/strong> \u2013 dostupn\u00e9 v r\u016fzn\u00fdch d\u00e9lk\u00e1ch a \u0161\u00ed\u0159k\u00e1ch a\u017e do 3000 mm.\r\n\r\n<strong>V\u00fdb\u011br spr\u00e1vn\u00e9 velikosti:<\/strong>  \r\nLamela 27 mm \u2013 pro panely montovan\u00e9 p\u0159\u00edmo na st\u011bnu.  \r\nLamela 62 mm \u2013 pro panely montovan\u00e9 na lat\u011b.\r\n\r\nS dokon\u010dovac\u00edmi lamelami z\u00edsk\u00e1te efekt masivn\u00edho d\u0159eva a kr\u00e1sn\u00fd, uhlazen\u00fd vzhled pro v\u00e1\u0161 projekt s produkty Denpanels.\r\n\r\nPlynul\u00fd design. Jednoduch\u00e1 mont\u00e1\u017e. Ohromuj\u00edc\u00ed v\u00fdsledek.","product_category-highlighted_media":27288,"product_category-cta":{"product_category_cta":null},"comparrison_image":null,"product_category-some_of_our_combinations":26790,"hero-media":[27289],"hero-h1":"Dokon\u010dovac\u00ed lamely","hero-sub_header":""},"_links":{"self":[{"href":"https:\/\/denpanels.com\/cs\/wp-json\/wp\/v2\/pages\/27285","targetHints":{"allow":["GET"]}}],"collection":[{"href":"https:\/\/denpanels.com\/cs\/wp-json\/wp\/v2\/pages"}],"about":[{"href":"https:\/\/denpanels.com\/cs\/wp-json\/wp\/v2\/types\/page"}],"author":[{"embeddable":true,"href":"https:\/\/denpanels.com\/cs\/wp-json\/wp\/v2\/users\/3"}],"replies":[{"embeddable":true,"href":"https:\/\/denpanels.com\/cs\/wp-json\/wp\/v2\/comments?post=27285"}],"version-history":[{"count":3,"href":"https:\/\/denpanels.com\/cs\/wp-json\/wp\/v2\/pages\/27285\/revisions"}],"predecessor-version":[{"id":27301,"href":"https:\/\/denpanels.com\/cs\/wp-json\/wp\/v2\/pages\/27285\/revisions\/27301"}],"up":[{"embeddable":true,"href":"https:\/\/denpanels.com\/cs\/wp-json\/wp\/v2\/pages\/27050"}],"acf:attachment":[{"embeddable":true,"href":"https:\/\/denpanels.com\/cs\/wp-json\/wp\/v2\/media\/27289"}],"acf:post":[{"embeddable":true,"href":"https:\/\/denpanels.com\/cs\/wp-json\/wp\/v2\/translation\/26790"}],"acf:term":[{"embeddable":true,"taxonomy":"product-category","href":"https:\/\/denpanels.com\/cs\/wp-json\/wp\/v2\/product-category\/755"},{"embeddable":true,"taxonomy":"product-category","href":"https:\/\/denpanels.com\/cs\/wp-json\/wp\/v2\/product-category\/499"},{"embeddable":true,"taxonomy":"product-category","href":"https:\/\/denpanels.com\/cs\/wp-json\/wp\/v2\/product-category\/498"}],"wp:attachment":[{"href":"https:\/\/denpanels.com\/cs\/wp-json\/wp\/v2\/media?parent=27285"}],"wp:term":[{"taxonomy":"page-section","embeddable":true,"href":"https:\/\/denpanels.com\/cs\/wp-json\/wp\/v2\/page-section?post=27285"},{"taxonomy":"page-template","embeddable":true,"href":"https:\/\/denpanels.com\/cs\/wp-json\/wp\/v2\/page-template?post=27285"}],"curies":[{"name":"wp","href":"https:\/\/api.w.org\/{rel}","templated":true}]}}