{"id":27249,"date":"2024-06-06T12:06:29","date_gmt":"2024-06-06T10:06:29","guid":{"rendered":"https:\/\/denpanels.com\/panely\/fire-retardant\/"},"modified":"2025-04-02T09:50:00","modified_gmt":"2025-04-02T07:50:00","slug":"panely-s-protipozarni-upravou","status":"publish","type":"page","link":"https:\/\/denpanels.com\/cs\/panely\/panely-s-protipozarni-upravou\/","title":{"rendered":"Panely s protipo\u017e\u00e1rn\u00ed \u00fapravou"},"content":{"rendered":"","protected":false},"excerpt":{"rendered":"","protected":false},"author":3,"featured_media":0,"parent":27140,"menu_order":2,"comment_status":"closed","ping_status":"closed","template":"","meta":{"_acf_changed":false,"footnotes":""},"page-section":[533,536,524,525,528,526,534],"page-template":[360],"class_list":["post-27249","page","type-page","status-publish","hentry","page-section-certificates","page-section-content-blocks","page-section-datasheet","page-section-hero","page-section-megamenu","page-section-product-category","page-section-the-panels-construction","page-template-fr-panels"],"acf":{"fr_panel-sub_categories":[357,358,359],"product_category-selected":754,"product_category-headline_p1":"Akustick\u00e9 panely FR-Filt","product_category-headline_p2":"\u2013 Po\u017e\u00e1rn\u00ed bezpe\u010dnost a \u0161pi\u010dkov\u00e1 akustika","product_category-introduction":"<strong>Hled\u00e1te protipo\u017e\u00e1rn\u00ed akustick\u00e9 \u0159e\u0161en\u00ed, kter\u00e9 spojuje bezpe\u010dnost, styl a funk\u010dnost? Akustick\u00e9 panely FR-filt od Denpanels maj\u00ed certifikaci t\u0159\u00eddy B (EN 13823) a spl\u0148uj\u00ed p\u0159\u00edsn\u00e9 po\u017e\u00e1rn\u00ed normy EU. Jsou ide\u00e1ln\u00ed jak pro soukrom\u00e9, tak pro komer\u010dn\u00ed prostory, kde jsou vy\u017eadov\u00e1ny panely s po\u017e\u00e1rn\u00ed odolnost\u00ed pro st\u011bny a stropy.<\/strong>\r\n\r\n<ul>\r\n    <li><strong>Rychl\u00e1 a jednoduch\u00e1 instalace<\/strong> \u2013 snadn\u00e1 mont\u00e1\u017e na st\u011bny i stropy.<\/li>\r\n    <li><strong>Efektivn\u00ed pohlcov\u00e1n\u00ed zvuku<\/strong> \u2013 v\u00fdrazn\u011b zlep\u0161uje akustiku.<\/li>\r\n    <li><strong>Ekologick\u00e1 volba<\/strong> \u2013 materi\u00e1ly s certifikac\u00ed FSC\u00ae.<\/li>\r\n    <li><strong>Vhodn\u00e9 pro komer\u010dn\u00ed budovy<\/strong> \u2013 ide\u00e1ln\u00ed pro kancel\u00e1\u0159e, hotely a ve\u0159ejn\u00e9 prostory.<\/li>\r\n    <li><strong>D\u00e1nsk\u00fd design a kvalita<\/strong> \u2013 lok\u00e1ln\u00ed v\u00fdroba v D\u00e1nsku.<\/li>\r\n<\/ul>\r\n\r\nD\u00edky chytr\u00e9 kombinaci d\u0159ev\u011bn\u00fdch lamel a akustick\u00e9 PET plsti akustick\u00e9 panely FR-filt \u00fa\u010dinn\u011b pohlcuj\u00ed zvukov\u00e9 vlny a zaji\u0161\u0165uj\u00ed tak vy\u0161\u0161\u00ed bezpe\u010dnost i akustick\u00fd komfort.\r\n\r\n<i>Po\u017e\u00e1rn\u00ed bezpe\u010dnost. Kontrola zvuku. Udr\u017eiteln\u00fd design.<\/i>","product_category-highlighted_media":27260,"product_category-cta":{"product_category_cta":null},"comparrison_image":null,"product_category-some_of_our_combinations":26790,"hero-media":[27250],"hero-h1":"Panely s protipo\u017e\u00e1rn\u00ed \u00fapravou","hero-sub_header":""},"_links":{"self":[{"href":"https:\/\/denpanels.com\/cs\/wp-json\/wp\/v2\/pages\/27249","targetHints":{"allow":["GET"]}}],"collection":[{"href":"https:\/\/denpanels.com\/cs\/wp-json\/wp\/v2\/pages"}],"about":[{"href":"https:\/\/denpanels.com\/cs\/wp-json\/wp\/v2\/types\/page"}],"author":[{"embeddable":true,"href":"https:\/\/denpanels.com\/cs\/wp-json\/wp\/v2\/users\/3"}],"replies":[{"embeddable":true,"href":"https:\/\/denpanels.com\/cs\/wp-json\/wp\/v2\/comments?post=27249"}],"version-history":[{"count":3,"href":"https:\/\/denpanels.com\/cs\/wp-json\/wp\/v2\/pages\/27249\/revisions"}],"predecessor-version":[{"id":27284,"href":"https:\/\/denpanels.com\/cs\/wp-json\/wp\/v2\/pages\/27249\/revisions\/27284"}],"up":[{"embeddable":true,"href":"https:\/\/denpanels.com\/cs\/wp-json\/wp\/v2\/pages\/27140"}],"acf:attachment":[{"embeddable":true,"href":"https:\/\/denpanels.com\/cs\/wp-json\/wp\/v2\/media\/27250"}],"acf:post":[{"embeddable":true,"href":"https:\/\/denpanels.com\/cs\/wp-json\/wp\/v2\/translation\/26790"}],"acf:term":[{"embeddable":true,"taxonomy":"product-category","href":"https:\/\/denpanels.com\/cs\/wp-json\/wp\/v2\/product-category\/754"},{"embeddable":true,"taxonomy":"product-category","href":"https:\/\/denpanels.com\/cs\/wp-json\/wp\/v2\/product-category\/359"},{"embeddable":true,"taxonomy":"product-category","href":"https:\/\/denpanels.com\/cs\/wp-json\/wp\/v2\/product-category\/358"},{"embeddable":true,"taxonomy":"product-category","href":"https:\/\/denpanels.com\/cs\/wp-json\/wp\/v2\/product-category\/357"}],"wp:attachment":[{"href":"https:\/\/denpanels.com\/cs\/wp-json\/wp\/v2\/media?parent=27249"}],"wp:term":[{"taxonomy":"page-section","embeddable":true,"href":"https:\/\/denpanels.com\/cs\/wp-json\/wp\/v2\/page-section?post=27249"},{"taxonomy":"page-template","embeddable":true,"href":"https:\/\/denpanels.com\/cs\/wp-json\/wp\/v2\/page-template?post=27249"}],"curies":[{"name":"wp","href":"https:\/\/api.w.org\/{rel}","templated":true}]}}