{"id":27183,"date":"2024-07-15T10:28:54","date_gmt":"2024-07-15T08:28:54","guid":{"rendered":"https:\/\/denpanels.com\/panely\/designove-panely\/sticks\/"},"modified":"2025-03-27T09:17:44","modified_gmt":"2025-03-27T08:17:44","slug":"sticks","status":"publish","type":"page","link":"https:\/\/denpanels.com\/cs\/panely\/designove-panely\/sticks\/","title":{"rendered":"Sticks"},"content":{"rendered":"","protected":false},"excerpt":{"rendered":"","protected":false},"author":3,"featured_media":0,"parent":27024,"menu_order":4,"comment_status":"closed","ping_status":"closed","template":"","meta":{"_acf_changed":false,"footnotes":""},"page-section":[525,528,526],"page-template":[493],"class_list":["post-27183","page","type-page","status-publish","hentry","page-section-hero","page-section-megamenu","page-section-product-category","page-template-category-sticks"],"acf":{"product_category-selected":753,"product_category-headline_p1":"Denpanels Sticks:","product_category-headline_p2":"Snadn\u00fd styl a nekone\u010dn\u00e1 kreativita","product_category-introduction":"V Denpanels v\u00e1m p\u0159in\u00e1\u0161\u00edme Sticks \u2013 v\u0161estrann\u00e9 a stylov\u00e9 \u0159e\u0161en\u00ed pro snadn\u00e9 p\u0159izp\u016fsoben\u00ed st\u011bn a strop\u016f. D\u00edky \u0161irok\u00e9 \u0161k\u00e1le textur, barev a povrchov\u00fdch \u00faprav je va\u0161e kreativita jedin\u00fdm limitem.\r\n\r\n<strong>Vyt\u0159\u00edben\u00fd design<\/strong> \u2013 dostupn\u00e9 v proveden\u00ed s d\u0159ev\u011bnou d\u00fdhou, linoleem, lamin\u00e1tem a f\u00f3li\u00ed.  \r\n<strong>\u0160pi\u010dkov\u00e1 kvalita<\/strong> \u2013 vyrobeno z 9mm MDF, kter\u00e9 spl\u0148uje ekologick\u00e9 normy Carb2 a AgBB.  \r\n<strong>Snadn\u00e1 instalace<\/strong> \u2013 samolepic\u00ed zadn\u00ed strana pro rychl\u00e9 a jednoduch\u00e9 upevn\u011bn\u00ed.\r\n\r\nA\u0165 u\u017e d\u00e1v\u00e1te p\u0159ednost eleganci linolea, teplu d\u0159eva nebo modern\u00edmu vzhledu lamin\u00e1tu, Sticks nab\u00edzej\u00ed dokonalou kombinaci estetiky a funk\u010dnosti pro jak\u00fdkoli interi\u00e9r \u2013 od modern\u00edho minimalismu po nad\u010dasovou klasiku.\r\n\r\nJednoduch\u00e1 instalace. Ohromuj\u00edc\u00ed v\u00fdsledek. Neomezen\u00e9 mo\u017enosti.","product_category-highlighted_media":27187,"product_category-cta":{"product_category_cta":null},"comparrison_image":null,"product_category-some_of_our_combinations":26790,"hero-media":[27186],"hero-h1":"Sticks","hero-sub_header":""},"_links":{"self":[{"href":"https:\/\/denpanels.com\/cs\/wp-json\/wp\/v2\/pages\/27183","targetHints":{"allow":["GET"]}}],"collection":[{"href":"https:\/\/denpanels.com\/cs\/wp-json\/wp\/v2\/pages"}],"about":[{"href":"https:\/\/denpanels.com\/cs\/wp-json\/wp\/v2\/types\/page"}],"author":[{"embeddable":true,"href":"https:\/\/denpanels.com\/cs\/wp-json\/wp\/v2\/users\/3"}],"replies":[{"embeddable":true,"href":"https:\/\/denpanels.com\/cs\/wp-json\/wp\/v2\/comments?post=27183"}],"version-history":[{"count":1,"href":"https:\/\/denpanels.com\/cs\/wp-json\/wp\/v2\/pages\/27183\/revisions"}],"predecessor-version":[{"id":27188,"href":"https:\/\/denpanels.com\/cs\/wp-json\/wp\/v2\/pages\/27183\/revisions\/27188"}],"up":[{"embeddable":true,"href":"https:\/\/denpanels.com\/cs\/wp-json\/wp\/v2\/pages\/27024"}],"acf:attachment":[{"embeddable":true,"href":"https:\/\/denpanels.com\/cs\/wp-json\/wp\/v2\/media\/27186"}],"acf:post":[{"embeddable":true,"href":"https:\/\/denpanels.com\/cs\/wp-json\/wp\/v2\/translation\/26790"}],"acf:term":[{"embeddable":true,"taxonomy":"product-category","href":"https:\/\/denpanels.com\/cs\/wp-json\/wp\/v2\/product-category\/753"}],"wp:attachment":[{"href":"https:\/\/denpanels.com\/cs\/wp-json\/wp\/v2\/media?parent=27183"}],"wp:term":[{"taxonomy":"page-section","embeddable":true,"href":"https:\/\/denpanels.com\/cs\/wp-json\/wp\/v2\/page-section?post=27183"},{"taxonomy":"page-template","embeddable":true,"href":"https:\/\/denpanels.com\/cs\/wp-json\/wp\/v2\/page-template?post=27183"}],"curies":[{"name":"wp","href":"https:\/\/api.w.org\/{rel}","templated":true}]}}