{"id":27167,"date":"2024-07-10T13:55:56","date_gmt":"2024-07-10T11:55:56","guid":{"rendered":"https:\/\/denpanels.com\/panely\/designove-panely\/wall-tiles-system\/"},"modified":"2025-03-27T09:16:08","modified_gmt":"2025-03-27T08:16:08","slug":"wall-tiles-system","status":"publish","type":"page","link":"https:\/\/denpanels.com\/cs\/panely\/designove-panely\/wall-tiles-system\/","title":{"rendered":"Wall tiles"},"content":{"rendered":"","protected":false},"excerpt":{"rendered":"","protected":false},"author":1,"featured_media":0,"parent":27024,"menu_order":3,"comment_status":"closed","ping_status":"closed","template":"","meta":{"_acf_changed":false,"footnotes":""},"page-section":[524,525,528,526],"page-template":[496],"class_list":["post-27167","page","type-page","status-publish","hentry","page-section-datasheet","page-section-hero","page-section-megamenu","page-section-product-category","page-template-category-wall-tiles"],"acf":{"product_category-selected":752,"product_category-headline_p1":"Denpanels Wall Tiles: ","product_category-headline_p2":"Kde se tradice setk\u00e1v\u00e1 s kreativitou","product_category-introduction":"V Denpanels v\u00e1m p\u0159in\u00e1\u0161\u00edme Wall Tiles System \u2013 spojen\u00ed klasick\u00e9ho designu a modern\u00ed kreativity, ide\u00e1ln\u00ed pro prom\u011bnu jak\u00e9hokoli prostoru.\r\n\r\n<strong>Univerz\u00e1ln\u00ed v\u00fdb\u011br<\/strong> \u2013 k dispozici v proveden\u00ed s d\u00fdhou, ve tvaru \u0161esti\u00faheln\u00edk\u016f, koso\u010dtverc\u016f, s linoleem i plst\u00ed.  \r\n<strong>Nekone\u010dn\u00e9 mo\u017enosti<\/strong> \u2013 kombinujte r\u016fzn\u00e9 textury a vytvo\u0159te jedine\u010dn\u00fd trojrozm\u011brn\u00fd efekt.  \r\n<strong>Stylov\u00e9, ne jen akustick\u00e9<\/strong> \u2013 navr\u017eeno pro vizu\u00e1ln\u00ed dojem, nikoliv pro pohlcov\u00e1n\u00ed zvuku.\r\n\r\n<strong>Inspirace geometri\u00ed p\u0159\u00edrody<\/strong>  \r\nNechte se inspirovat p\u0159irozenou eleganc\u00ed \u0161esti\u00faheln\u00edk\u016f s na\u0161imi modul\u00e1rn\u00edmi \u0161esti\u00faheln\u00edkov\u00fdmi MDF Wall Tiles. Jsou dostupn\u00e9 v r\u016fzn\u00fdch povr\u0161\u00edch a barv\u00e1ch a umo\u017en\u00ed v\u00e1m vytvo\u0159it osobit\u00e9 vzory, kter\u00e9 odr\u00e1\u017eej\u00ed v\u00e1\u0161 styl \u2013 a\u0165 u\u017e v\u00fdrazn\u00fd a dramatick\u00fd, nebo jemn\u00fd a elegantn\u00ed.\r\n\r\nIde\u00e1ln\u00ed pro dom\u00e1cnosti, kancel\u00e1\u0159e i kreativn\u00ed prostory \u2013 Wall Tiles od Denpanels jsou snadn\u00fdm zp\u016fsobem, jak dodat interi\u00e9ru hloubku, charakter a flexibilitu.\r\n\r\nInovativn\u00ed design. Neomezen\u00e1 kreativita. Snadn\u00e1 prom\u011bna.","product_category-highlighted_media":27180,"product_category-cta":{"product_category_cta":null},"comparrison_image":null,"product_category-some_of_our_combinations":26790,"hero-media":[27179],"hero-h1":"Wall Tiles System","hero-sub_header":""},"_links":{"self":[{"href":"https:\/\/denpanels.com\/cs\/wp-json\/wp\/v2\/pages\/27167","targetHints":{"allow":["GET"]}}],"collection":[{"href":"https:\/\/denpanels.com\/cs\/wp-json\/wp\/v2\/pages"}],"about":[{"href":"https:\/\/denpanels.com\/cs\/wp-json\/wp\/v2\/types\/page"}],"author":[{"embeddable":true,"href":"https:\/\/denpanels.com\/cs\/wp-json\/wp\/v2\/users\/1"}],"replies":[{"embeddable":true,"href":"https:\/\/denpanels.com\/cs\/wp-json\/wp\/v2\/comments?post=27167"}],"version-history":[{"count":1,"href":"https:\/\/denpanels.com\/cs\/wp-json\/wp\/v2\/pages\/27167\/revisions"}],"predecessor-version":[{"id":27182,"href":"https:\/\/denpanels.com\/cs\/wp-json\/wp\/v2\/pages\/27167\/revisions\/27182"}],"up":[{"embeddable":true,"href":"https:\/\/denpanels.com\/cs\/wp-json\/wp\/v2\/pages\/27024"}],"acf:attachment":[{"embeddable":true,"href":"https:\/\/denpanels.com\/cs\/wp-json\/wp\/v2\/media\/27179"}],"acf:post":[{"embeddable":true,"href":"https:\/\/denpanels.com\/cs\/wp-json\/wp\/v2\/translation\/26790"}],"acf:term":[{"embeddable":true,"taxonomy":"product-category","href":"https:\/\/denpanels.com\/cs\/wp-json\/wp\/v2\/product-category\/752"}],"wp:attachment":[{"href":"https:\/\/denpanels.com\/cs\/wp-json\/wp\/v2\/media?parent=27167"}],"wp:term":[{"taxonomy":"page-section","embeddable":true,"href":"https:\/\/denpanels.com\/cs\/wp-json\/wp\/v2\/page-section?post=27167"},{"taxonomy":"page-template","embeddable":true,"href":"https:\/\/denpanels.com\/cs\/wp-json\/wp\/v2\/page-template?post=27167"}],"curies":[{"name":"wp","href":"https:\/\/api.w.org\/{rel}","templated":true}]}}