{"id":27143,"date":"2024-07-15T10:05:41","date_gmt":"2024-07-15T08:05:41","guid":{"rendered":"https:\/\/denpanels.com\/panely\/designove-panely\/acoustic-design\/"},"modified":"2025-03-27T09:14:12","modified_gmt":"2025-03-27T08:14:12","slug":"akusticke-designove-panely","status":"publish","type":"page","link":"https:\/\/denpanels.com\/cs\/panely\/designove-panely\/akusticke-designove-panely\/","title":{"rendered":"Akustick\u00e9 designov\u00e9 panely"},"content":{"rendered":"","protected":false},"excerpt":{"rendered":"","protected":false},"author":3,"featured_media":0,"parent":27024,"menu_order":2,"comment_status":"closed","ping_status":"closed","template":"","meta":{"_acf_changed":false,"footnotes":""},"page-section":[524,525,528,526],"page-template":[491],"class_list":["post-27143","page","type-page","status-publish","hentry","page-section-datasheet","page-section-hero","page-section-megamenu","page-section-product-category","page-template-category-acoustic-design-panels"],"acf":{"product_category-selected":751,"product_category-headline_p1":"Uvoln\u011bte kreativitu s","product_category-headline_p2":"Designov\u00fdmi panely Denpanels","product_category-introduction":"V Denpanels v\u00e1m p\u0159in\u00e1\u0161\u00edme Designov\u00e9 panely ve form\u00e1tech 60\u00d760 a 60\u00d7120 cm, kter\u00e9 nab\u00edzej\u00ed nekone\u010dn\u00e9 mo\u017enosti pro vytv\u00e1\u0159en\u00ed jedine\u010dn\u00fdch vzor\u016f a stylov\u00fdch interi\u00e9r\u016f.\r\n\r\n<strong>P\u0159izp\u016fsobiteln\u00e9 uspo\u0159\u00e1d\u00e1n\u00ed<\/strong> \u2013 kombinujte panely v r\u016fzn\u00fdch konfigurac\u00edch pro origin\u00e1ln\u00ed vzhled.  \r\n<strong>Pr\u00e9miov\u00e9 povrchy<\/strong> \u2013 navr\u017eeno pro estetick\u00fd dojem i akustick\u00e9 vlastnosti.\r\n\r\nA\u0165 u\u017e chcete zv\u00fdraznit men\u0161\u00ed \u010d\u00e1st st\u011bny, nebo vytvo\u0159it v\u00fdrazn\u00fd designov\u00fd prvek, na\u0161e v\u0161estrann\u00e9 Designov\u00e9 panely dodaj\u00ed ka\u017ed\u00e9mu prostoru charakter, styl a akustick\u00e9 pohodl\u00ed.\r\n\r\nD\u00e1nsk\u00fd design. Nekone\u010dn\u00e1 kreativita. Udr\u017eiteln\u00e1 kvalita.","product_category-highlighted_media":22801,"product_category-cta":{"product_category_cta":null},"comparrison_image":null,"product_category-some_of_our_combinations":26790,"hero-media":[27164],"hero-h1":"Akustick\u00e9 designov\u00e9 panely","hero-sub_header":""},"_links":{"self":[{"href":"https:\/\/denpanels.com\/cs\/wp-json\/wp\/v2\/pages\/27143","targetHints":{"allow":["GET"]}}],"collection":[{"href":"https:\/\/denpanels.com\/cs\/wp-json\/wp\/v2\/pages"}],"about":[{"href":"https:\/\/denpanels.com\/cs\/wp-json\/wp\/v2\/types\/page"}],"author":[{"embeddable":true,"href":"https:\/\/denpanels.com\/cs\/wp-json\/wp\/v2\/users\/3"}],"replies":[{"embeddable":true,"href":"https:\/\/denpanels.com\/cs\/wp-json\/wp\/v2\/comments?post=27143"}],"version-history":[{"count":3,"href":"https:\/\/denpanels.com\/cs\/wp-json\/wp\/v2\/pages\/27143\/revisions"}],"predecessor-version":[{"id":27166,"href":"https:\/\/denpanels.com\/cs\/wp-json\/wp\/v2\/pages\/27143\/revisions\/27166"}],"up":[{"embeddable":true,"href":"https:\/\/denpanels.com\/cs\/wp-json\/wp\/v2\/pages\/27024"}],"acf:attachment":[{"embeddable":true,"href":"https:\/\/denpanels.com\/cs\/wp-json\/wp\/v2\/media\/27164"}],"acf:post":[{"embeddable":true,"href":"https:\/\/denpanels.com\/cs\/wp-json\/wp\/v2\/translation\/26790"}],"acf:term":[{"embeddable":true,"taxonomy":"product-category","href":"https:\/\/denpanels.com\/cs\/wp-json\/wp\/v2\/product-category\/751"}],"wp:attachment":[{"href":"https:\/\/denpanels.com\/cs\/wp-json\/wp\/v2\/media?parent=27143"}],"wp:term":[{"taxonomy":"page-section","embeddable":true,"href":"https:\/\/denpanels.com\/cs\/wp-json\/wp\/v2\/page-section?post=27143"},{"taxonomy":"page-template","embeddable":true,"href":"https:\/\/denpanels.com\/cs\/wp-json\/wp\/v2\/page-template?post=27143"}],"curies":[{"name":"wp","href":"https:\/\/api.w.org\/{rel}","templated":true}]}}