{"id":27128,"date":"2024-07-15T10:19:12","date_gmt":"2024-07-15T08:19:12","guid":{"rendered":"https:\/\/denpanels.com\/designove-panely\/clear\/"},"modified":"2025-03-27T09:11:03","modified_gmt":"2025-03-27T08:11:03","slug":"clear-panely","status":"publish","type":"page","link":"https:\/\/denpanels.com\/cs\/panely\/designove-panely\/clear-panely\/","title":{"rendered":"Clear Panely"},"content":{"rendered":"","protected":false},"excerpt":{"rendered":"","protected":false},"author":3,"featured_media":0,"parent":27024,"menu_order":1,"comment_status":"closed","ping_status":"closed","template":"","meta":{"_acf_changed":false,"footnotes":""},"page-section":[524,525,528,526],"page-template":[495],"class_list":["post-27128","page","type-page","status-publish","hentry","page-section-datasheet","page-section-hero","page-section-megamenu","page-section-product-category","page-template-category-clear-panels"],"acf":{"product_category-selected":750,"product_category-headline_p1":"Clear Panely","product_category-headline_p2":"\u2013 P\u0159irozen\u00e1 elegance","product_category-introduction":"Milujete vzhled skute\u010dn\u00e9ho d\u0159eva ve sv\u00e9m interi\u00e9ru? Clear Panely od Denpanels v\u00e1m umo\u017en\u00ed vytvo\u0159it modern\u00ed a elegantn\u00ed atmosf\u00e9ru a z\u00e1rove\u0148 dodat ka\u017ed\u00e9mu prostoru \u2013 a\u0165 u\u017e jde o ob\u00fdvac\u00ed pokoj, kuchyni nebo kancel\u00e1\u0159 \u2013 h\u0159ejivost a p\u0159\u00edrodn\u00ed kr\u00e1su.\r\n\r\n<ul>\r\n    <li><strong>Vyt\u0159\u00edben\u00fd design<\/strong> \u2013 masivn\u00ed MDF j\u00e1dro s d\u00fdhou ze skute\u010dn\u00e9ho d\u0159eva pro pr\u00e9miov\u00fd povrch.<\/li>\r\n    <li><strong>Mo\u017enosti p\u0159izp\u016fsoben\u00ed<\/strong> \u2013 dostupn\u00e9 v proveden\u00ed Dub, Americk\u00fd o\u0159ech a Kou\u0159ov\u00fd dub s \u010dern\u00fdm nebo hn\u011bd\u00fdm MDF j\u00e1drem.<\/li>\r\n    <li><strong>Bezprobl\u00e9mov\u00e1 integrace<\/strong> \u2013 navr\u017eeno tak, aby dopl\u0148ovalo na\u0161e akustick\u00e9 panely a zachovalo jednotn\u00fd vzhled.<\/li>\r\n    <li><strong>Snadn\u00e1 instalace a \u00fadr\u017eba<\/strong> \u2013 rychl\u00e1 mont\u00e1\u017e s minimem n\u00e1\u0159ad\u00ed a jednoduch\u00e9 \u010di\u0161t\u011bn\u00ed vlhk\u00fdm had\u0159\u00edkem.<\/li>\r\n<\/ul>\r\n\r\nChcete vzhled a \u017eivotnost sv\u00fdch Clear Panel\u016f je\u0161t\u011b vylep\u0161it? P\u0159idejte \u00fapravu p\u0159\u00edrodn\u00edm olejem, kter\u00e1 zachov\u00e1 a zv\u00fdrazn\u00ed jedine\u010dnou texturu d\u0159eva po dlouh\u00e1 l\u00e9ta.\r\n\r\n<i>Bez n\u00e1mahy elegantn\u00ed. P\u0159izp\u016fsobiteln\u00fd design. Nad\u010dasov\u00e1 kvalita.<\/i>","product_category-highlighted_media":27191,"product_category-cta":{"product_category_cta":null},"comparrison_image":null,"product_category-some_of_our_combinations":26790,"hero-media":[27129],"hero-h1":"Clear Panely","hero-sub_header":""},"_links":{"self":[{"href":"https:\/\/denpanels.com\/cs\/wp-json\/wp\/v2\/pages\/27128","targetHints":{"allow":["GET"]}}],"collection":[{"href":"https:\/\/denpanels.com\/cs\/wp-json\/wp\/v2\/pages"}],"about":[{"href":"https:\/\/denpanels.com\/cs\/wp-json\/wp\/v2\/types\/page"}],"author":[{"embeddable":true,"href":"https:\/\/denpanels.com\/cs\/wp-json\/wp\/v2\/users\/3"}],"replies":[{"embeddable":true,"href":"https:\/\/denpanels.com\/cs\/wp-json\/wp\/v2\/comments?post=27128"}],"version-history":[{"count":3,"href":"https:\/\/denpanels.com\/cs\/wp-json\/wp\/v2\/pages\/27128\/revisions"}],"predecessor-version":[{"id":27139,"href":"https:\/\/denpanels.com\/cs\/wp-json\/wp\/v2\/pages\/27128\/revisions\/27139"}],"up":[{"embeddable":true,"href":"https:\/\/denpanels.com\/cs\/wp-json\/wp\/v2\/pages\/27024"}],"acf:attachment":[{"embeddable":true,"href":"https:\/\/denpanels.com\/cs\/wp-json\/wp\/v2\/media\/27129"}],"acf:post":[{"embeddable":true,"href":"https:\/\/denpanels.com\/cs\/wp-json\/wp\/v2\/translation\/26790"}],"acf:term":[{"embeddable":true,"taxonomy":"product-category","href":"https:\/\/denpanels.com\/cs\/wp-json\/wp\/v2\/product-category\/750"}],"wp:attachment":[{"href":"https:\/\/denpanels.com\/cs\/wp-json\/wp\/v2\/media?parent=27128"}],"wp:term":[{"taxonomy":"page-section","embeddable":true,"href":"https:\/\/denpanels.com\/cs\/wp-json\/wp\/v2\/page-section?post=27128"},{"taxonomy":"page-template","embeddable":true,"href":"https:\/\/denpanels.com\/cs\/wp-json\/wp\/v2\/page-template?post=27128"}],"curies":[{"name":"wp","href":"https:\/\/api.w.org\/{rel}","templated":true}]}}