{"id":27110,"date":"2024-06-06T13:48:46","date_gmt":"2024-06-06T11:48:46","guid":{"rendered":"https:\/\/denpanels.com\/stone\/"},"modified":"2025-07-31T11:58:40","modified_gmt":"2025-07-31T09:58:40","slug":"kamenne-panely","status":"publish","type":"page","link":"https:\/\/denpanels.com\/cs\/panely\/kamenne-panely\/","title":{"rendered":"Kamenn\u00e9 panely"},"content":{"rendered":"","protected":false},"excerpt":{"rendered":"","protected":false},"author":3,"featured_media":0,"parent":27140,"menu_order":11,"comment_status":"closed","ping_status":"closed","template":"","meta":{"_acf_changed":false,"footnotes":""},"page-section":[535,524,525,528,526,534],"page-template":[542],"class_list":["post-27110","page","type-page","status-publish","hentry","page-section-category-options","page-section-datasheet","page-section-hero","page-section-megamenu","page-section-product-category","page-section-the-panels-construction","page-template-category-stone"],"acf":{"product_category-selected":749,"product_category-headline_p1":"Kamenn\u00e9 akustick\u00e9 panely","product_category-headline_p2":"- P\u0159irozen\u00e1 elegance a \u0161pi\u010dkov\u00e1 akustika","product_category-introduction":"<strong>Chcete vn\u00e9st s\u00edlu p\u0159\u00edrody do sv\u00e9ho interi\u00e9ru? Kamenn\u00e9 akustick\u00e9 panely Denpanels jsou oblo\u017eeny autentick\u00fdm him\u00e1lajsk\u00fdm kamenem, kter\u00fd dod\u00e1v\u00e1 surovou kr\u00e1su a nad\u010dasovou eleganci ka\u017ed\u00e9mu prostoru. Ka\u017ed\u00fd panel je origin\u00e1l, nese p\u0159irozenou strukturu a charakter formovan\u00fd \u010dasem a p\u0159\u00edrodn\u00edmi vlivy.<\/strong>\r\n\r\n<ul>\r\n    <li><strong>Prav\u00fd povrch z him\u00e1lajsk\u00e9ho kamene<\/strong> \u2013 bohat\u00e9 textury a p\u0159irozen\u00e9 odchylky.<\/li>\r\n    <li><strong>Precizn\u00ed zpracov\u00e1n\u00ed<\/strong> \u2013 ultra tenk\u00e1 kamenn\u00e1 d\u00fdha odborn\u011b nanesen\u00e1 na \u010dernou MDF.<\/li>\r\n    <li><strong>Jednotn\u00fd design<\/strong> \u2013 struktura navr\u017een\u00e1 tak, aby navazovala mezi dv\u011bma panely.<\/li>\r\n    <li><strong>Vynikaj\u00edc\u00ed pohlcov\u00e1n\u00ed zvuku<\/strong> \u2013 zlep\u0161uje akustiku a z\u00e1rove\u0148 zachov\u00e1v\u00e1 v\u00fdrazn\u00fd vzhled.<\/li>\r\n    <li><strong>Udr\u017eiteln\u00e9 materi\u00e1ly<\/strong> \u2013 akustick\u00fd z\u00e1klad z minim\u00e1ln\u011b 50 % recyklovan\u00e9ho plastu.<\/li>\r\n    <li><strong>Kvalitn\u00ed d\u00e1nsk\u00fd design<\/strong> \u2013 propojen\u00ed p\u0159\u00edrodn\u00ed kr\u00e1sy s modern\u00ed inovac\u00ed.<\/li>\r\n<\/ul>\r\n\r\nInspirovan\u00e9 majest\u00e1tn\u00ed krajinou Him\u00e1laj\u00ed, tyto panely nejsou jen vizu\u00e1ln\u00edm prvkem \u2013 vytv\u00e1\u0159ej\u00ed klidnou a p\u0159\u00edjemnou atmosf\u00e9ru d\u00edky redukci hluku a zlep\u0161en\u00ed akustiky.\r\n\r\n<i>Vneste p\u0159\u00edrodu dovnit\u0159. Pozvedn\u011bte sv\u016fj prostor. Za\u017eijte pravou eleganci.<\/i>","product_category-highlighted_media":27116,"product_category-cta":{"product_category_cta":null},"comparrison_image":"","product_category-some_of_our_combinations":26790,"hero-media":[27116],"hero-h1":"Kamenn\u00e9 panely","hero-sub_header":""},"_links":{"self":[{"href":"https:\/\/denpanels.com\/cs\/wp-json\/wp\/v2\/pages\/27110","targetHints":{"allow":["GET"]}}],"collection":[{"href":"https:\/\/denpanels.com\/cs\/wp-json\/wp\/v2\/pages"}],"about":[{"href":"https:\/\/denpanels.com\/cs\/wp-json\/wp\/v2\/types\/page"}],"author":[{"embeddable":true,"href":"https:\/\/denpanels.com\/cs\/wp-json\/wp\/v2\/users\/3"}],"replies":[{"embeddable":true,"href":"https:\/\/denpanels.com\/cs\/wp-json\/wp\/v2\/comments?post=27110"}],"version-history":[{"count":5,"href":"https:\/\/denpanels.com\/cs\/wp-json\/wp\/v2\/pages\/27110\/revisions"}],"predecessor-version":[{"id":29641,"href":"https:\/\/denpanels.com\/cs\/wp-json\/wp\/v2\/pages\/27110\/revisions\/29641"}],"up":[{"embeddable":true,"href":"https:\/\/denpanels.com\/cs\/wp-json\/wp\/v2\/pages\/27140"}],"acf:attachment":[{"embeddable":true,"href":"https:\/\/denpanels.com\/cs\/wp-json\/wp\/v2\/media\/27116"}],"acf:post":[{"embeddable":true,"href":"https:\/\/denpanels.com\/cs\/wp-json\/wp\/v2\/translation\/26790"}],"acf:term":[{"embeddable":true,"taxonomy":"product-category","href":"https:\/\/denpanels.com\/cs\/wp-json\/wp\/v2\/product-category\/749"}],"wp:attachment":[{"href":"https:\/\/denpanels.com\/cs\/wp-json\/wp\/v2\/media?parent=27110"}],"wp:term":[{"taxonomy":"page-section","embeddable":true,"href":"https:\/\/denpanels.com\/cs\/wp-json\/wp\/v2\/page-section?post=27110"},{"taxonomy":"page-template","embeddable":true,"href":"https:\/\/denpanels.com\/cs\/wp-json\/wp\/v2\/page-template?post=27110"}],"curies":[{"name":"wp","href":"https:\/\/api.w.org\/{rel}","templated":true}]}}