{"id":27086,"date":"2024-06-06T13:48:02","date_gmt":"2024-06-06T11:48:02","guid":{"rendered":"https:\/\/denpanels.com\/lux\/"},"modified":"2025-03-27T08:39:27","modified_gmt":"2025-03-27T07:39:27","slug":"lux-panely","status":"publish","type":"page","link":"https:\/\/denpanels.com\/cs\/panely\/lux-panely\/","title":{"rendered":"LUX panely"},"content":{"rendered":"","protected":false},"excerpt":{"rendered":"","protected":false},"author":3,"featured_media":0,"parent":27140,"menu_order":5,"comment_status":"closed","ping_status":"closed","template":"","meta":{"_acf_changed":false,"footnotes":""},"page-section":[535,533,524,525,528,526,534],"page-template":[541],"class_list":["post-27086","page","type-page","status-publish","hentry","page-section-category-options","page-section-certificates","page-section-datasheet","page-section-hero","page-section-megamenu","page-section-product-category","page-section-the-panels-construction","page-template-category-lux"],"acf":{"product_category-selected":744,"product_category-headline_p1":"Akustick\u00e9 panely LUX","product_category-headline_p2":"Exkluzivn\u00ed design a \u0161pi\u010dkov\u00e1 akustika","product_category-introduction":"<strong>Sn\u00edte o stylov\u00e9m a harmonick\u00e9m prostoru? Akustick\u00e9 panely LUX kombinuj\u00ed eleganci a funk\u010dnost \u2013 lamely \u0161irok\u00e9 40 mm vytv\u00e1\u0159ej\u00ed klidn\u00fd, vyt\u0159\u00edben\u00fd povrch a dod\u00e1vaj\u00ed p\u0159irozen\u00fd, sofistikovan\u00fd vzhled.<\/strong>\r\n\r\n<ul>\r\n    <li><strong>P\u0159in\u00e1\u0161\u00ed eleganci a klid<\/strong> \u2013 \u0161ir\u0161\u00ed lamely pro vyv\u00e1\u017een\u00fd vzhled.<\/li>\r\n    <li><strong>D\u00fdha ze d\u0159eva na t\u0159ech stran\u00e1ch<\/strong> \u2013 pr\u00e9miov\u00fd a plynul\u00fd povrch.<\/li>\r\n    <li><strong>Efektivn\u00ed pohlcov\u00e1n\u00ed zvuku<\/strong> \u2013 sni\u017euje hluk a zlep\u0161uje akustiku.<\/li>\r\n    <li><strong>Materi\u00e1ly s certifikac\u00ed FSC\u2122<\/strong> \u2013 d\u0159evo z odpov\u011bdn\u00fdch zdroj\u016f.<\/li>\r\n    <li><strong>Udr\u017eiteln\u00e1 konstrukce<\/strong> \u2013 akustick\u00e1 pls\u0165 z minim\u00e1ln\u011b 50 % recyklovan\u00e9ho plastu.<\/li>\r\n<\/ul>\r\n\r\nJedine\u010dn\u00e1 kombinace d\u0159ev\u011bn\u00fdch lamel a akustick\u00e9 polyesterov\u00e9 plsti v\u00fdrazn\u011b zlep\u0161uje akustiku, d\u00edky \u010demu\u017e jsou panely LUX ide\u00e1ln\u00ed pro dom\u00e1cnosti, kancel\u00e1\u0159e i ve\u0159ejn\u00e9 prostory.\r\n\r\n<i>Exkluzivn\u00ed design. Lep\u0161\u00ed akustika. P\u0159irozen\u00e1 kvalita.<\/i>","product_category-highlighted_media":27105,"product_category-cta":{"product_category_cta":null},"comparrison_image":null,"product_category-some_of_our_combinations":26790,"hero-media":[27107,27106],"hero-h1":"LUX panely","hero-sub_header":""},"_links":{"self":[{"href":"https:\/\/denpanels.com\/cs\/wp-json\/wp\/v2\/pages\/27086","targetHints":{"allow":["GET"]}}],"collection":[{"href":"https:\/\/denpanels.com\/cs\/wp-json\/wp\/v2\/pages"}],"about":[{"href":"https:\/\/denpanels.com\/cs\/wp-json\/wp\/v2\/types\/page"}],"author":[{"embeddable":true,"href":"https:\/\/denpanels.com\/cs\/wp-json\/wp\/v2\/users\/3"}],"replies":[{"embeddable":true,"href":"https:\/\/denpanels.com\/cs\/wp-json\/wp\/v2\/comments?post=27086"}],"version-history":[{"count":3,"href":"https:\/\/denpanels.com\/cs\/wp-json\/wp\/v2\/pages\/27086\/revisions"}],"predecessor-version":[{"id":27109,"href":"https:\/\/denpanels.com\/cs\/wp-json\/wp\/v2\/pages\/27086\/revisions\/27109"}],"up":[{"embeddable":true,"href":"https:\/\/denpanels.com\/cs\/wp-json\/wp\/v2\/pages\/27140"}],"acf:attachment":[{"embeddable":true,"href":"https:\/\/denpanels.com\/cs\/wp-json\/wp\/v2\/media\/27106"},{"embeddable":true,"href":"https:\/\/denpanels.com\/cs\/wp-json\/wp\/v2\/media\/27107"}],"acf:post":[{"embeddable":true,"href":"https:\/\/denpanels.com\/cs\/wp-json\/wp\/v2\/translation\/26790"}],"acf:term":[{"embeddable":true,"taxonomy":"product-category","href":"https:\/\/denpanels.com\/cs\/wp-json\/wp\/v2\/product-category\/744"}],"wp:attachment":[{"href":"https:\/\/denpanels.com\/cs\/wp-json\/wp\/v2\/media?parent=27086"}],"wp:term":[{"taxonomy":"page-section","embeddable":true,"href":"https:\/\/denpanels.com\/cs\/wp-json\/wp\/v2\/page-section?post=27086"},{"taxonomy":"page-template","embeddable":true,"href":"https:\/\/denpanels.com\/cs\/wp-json\/wp\/v2\/page-template?post=27086"}],"curies":[{"name":"wp","href":"https:\/\/api.w.org\/{rel}","templated":true}]}}