{"id":27060,"date":"2024-06-06T13:47:44","date_gmt":"2024-06-06T11:47:44","guid":{"rendered":"https:\/\/denpanels.com\/linoleum\/"},"modified":"2025-03-26T14:48:42","modified_gmt":"2025-03-26T13:48:42","slug":"panely-s-linoleem","status":"publish","type":"page","link":"https:\/\/denpanels.com\/cs\/panely\/panely-s-linoleem\/","title":{"rendered":"Panely s linoleem"},"content":{"rendered":"","protected":false},"excerpt":{"rendered":"","protected":false},"author":3,"featured_media":0,"parent":27140,"menu_order":9,"comment_status":"closed","ping_status":"closed","template":"","meta":{"_acf_changed":false,"footnotes":""},"page-section":[535,533,524,525,528,526,534],"page-template":[540],"class_list":["post-27060","page","type-page","status-publish","hentry","page-section-category-options","page-section-certificates","page-section-datasheet","page-section-hero","page-section-megamenu","page-section-product-category","page-section-the-panels-construction","page-template-category-linoleum"],"acf":{"product_category-selected":743,"product_category-headline_p1":"Akustick\u00e9 panely s linoleem","product_category-headline_p2":"\u2013 M\u011bkk\u00e1 elegance a vynikaj\u00edc\u00ed akustika","product_category-introduction":"<strong>Hled\u00e1te sofistikovan\u00e9 a funk\u010dn\u00ed \u0159e\u0161en\u00ed pro st\u011bny? Akustick\u00e9 panely s linoleem od Denpanels kombinuj\u00ed p\u0159irozenou kr\u00e1su, akustick\u00fd komfort a praktickou \u00fadr\u017ebu, co\u017e v\u00e1m umo\u017en\u00ed vytvo\u0159it harmonick\u00fd a stylov\u00fd interi\u00e9r.<\/strong>\r\n\r\n<ul>\r\n    <li><strong>Hladk\u00fd, matn\u00fd povrch<\/strong> \u2013 p\u0159id\u00e1v\u00e1 eleganci a teplo ka\u017ed\u00e9mu prostoru.<\/li>\r\n    <li><strong>\u0160irok\u00e1 \u0161k\u00e1la barev<\/strong> \u2013 20 stylov\u00fdch odst\u00edn\u016f, kter\u00e9 lad\u00ed s jak\u00fdmkoli dekorem.<\/li>\r\n    <li><strong>P\u0159irozen\u00fd a antistatick\u00fd materi\u00e1l<\/strong> \u2013 snadno se \u010dist\u00ed a je odoln\u00fd v\u016f\u010di prachu a \u0161p\u00edn\u011b.<\/li>\r\n    <li><strong>\u00da\u010dinn\u00e9 pohlcov\u00e1n\u00ed zvuku<\/strong> \u2013 sni\u017euje hluk a zlep\u0161uje akustiku jak v soukrom\u00fdch, tak v profesion\u00e1ln\u00edch prost\u0159ed\u00edch.<\/li>\r\n<\/ul>\r\n\r\nNa\u0161e linoleov\u00e9 panely jsou trvanliv\u00fdm a udr\u017eiteln\u00fdm \u0159e\u0161en\u00edm, kter\u00e9 zlep\u0161uje jak vnit\u0159n\u00ed klima, tak estetiku. Ide\u00e1ln\u00ed pro ty, kte\u0159\u00ed cht\u011bj\u00ed elegantn\u00ed vzhled bez kompromis\u016f v funk\u010dnosti.\r\n\r\n<i>Nad\u010dasov\u00fd design. Vylep\u0161en\u00e1 akustika. P\u0159irozen\u00e1 kvalita.<\/i>","product_category-highlighted_media":27079,"product_category-cta":{"product_category_cta":null},"comparrison_image":null,"product_category-some_of_our_combinations":26790,"hero-media":[27083],"hero-h1":"Panely s linoleem","hero-sub_header":""},"_links":{"self":[{"href":"https:\/\/denpanels.com\/cs\/wp-json\/wp\/v2\/pages\/27060","targetHints":{"allow":["GET"]}}],"collection":[{"href":"https:\/\/denpanels.com\/cs\/wp-json\/wp\/v2\/pages"}],"about":[{"href":"https:\/\/denpanels.com\/cs\/wp-json\/wp\/v2\/types\/page"}],"author":[{"embeddable":true,"href":"https:\/\/denpanels.com\/cs\/wp-json\/wp\/v2\/users\/3"}],"replies":[{"embeddable":true,"href":"https:\/\/denpanels.com\/cs\/wp-json\/wp\/v2\/comments?post=27060"}],"version-history":[{"count":3,"href":"https:\/\/denpanels.com\/cs\/wp-json\/wp\/v2\/pages\/27060\/revisions"}],"predecessor-version":[{"id":27085,"href":"https:\/\/denpanels.com\/cs\/wp-json\/wp\/v2\/pages\/27060\/revisions\/27085"}],"up":[{"embeddable":true,"href":"https:\/\/denpanels.com\/cs\/wp-json\/wp\/v2\/pages\/27140"}],"acf:attachment":[{"embeddable":true,"href":"https:\/\/denpanels.com\/cs\/wp-json\/wp\/v2\/media\/27083"}],"acf:post":[{"embeddable":true,"href":"https:\/\/denpanels.com\/cs\/wp-json\/wp\/v2\/translation\/26790"}],"acf:term":[{"embeddable":true,"taxonomy":"product-category","href":"https:\/\/denpanels.com\/cs\/wp-json\/wp\/v2\/product-category\/743"}],"wp:attachment":[{"href":"https:\/\/denpanels.com\/cs\/wp-json\/wp\/v2\/media?parent=27060"}],"wp:term":[{"taxonomy":"page-section","embeddable":true,"href":"https:\/\/denpanels.com\/cs\/wp-json\/wp\/v2\/page-section?post=27060"},{"taxonomy":"page-template","embeddable":true,"href":"https:\/\/denpanels.com\/cs\/wp-json\/wp\/v2\/page-template?post=27060"}],"curies":[{"name":"wp","href":"https:\/\/api.w.org\/{rel}","templated":true}]}}