{"id":27050,"date":"2024-06-06T14:21:16","date_gmt":"2024-06-06T12:21:16","guid":{"rendered":"https:\/\/denpanels.com\/accessories\/"},"modified":"2025-03-26T14:39:40","modified_gmt":"2025-03-26T13:39:40","slug":"prislusenstvi","status":"publish","type":"page","link":"https:\/\/denpanels.com\/cs\/panely\/prislusenstvi\/","title":{"rendered":"P\u0159\u00edslu\u0161enstv\u00ed"},"content":{"rendered":"","protected":false},"excerpt":{"rendered":"","protected":false},"author":3,"featured_media":0,"parent":27140,"menu_order":12,"comment_status":"closed","ping_status":"closed","template":"","meta":{"_acf_changed":false,"footnotes":""},"page-section":[525,528],"page-template":[481],"class_list":["post-27050","page","type-page","status-publish","hentry","page-section-hero","page-section-megamenu","page-template-category-accessories"],"acf":{"finish":{"accessories_label_finish":26713,"accessories_finish-categories":[27285,27302,27308]},"suspension":{"accessories_label_suspension":26690,"accessories_suspension-categories":[27328,27319,27312,27324]},"mounting_solutions":{"accessories_label_mounting_solutions":26711,"accessories_mounting_solutions_categories":[27332,27339]},"accessories_label-more_info":26793,"hero-media":[27315,27057,27289,27303],"hero-h1":"P\u0159\u00edslu\u0161enstv\u00ed","hero-sub_header":""},"_links":{"self":[{"href":"https:\/\/denpanels.com\/cs\/wp-json\/wp\/v2\/pages\/27050","targetHints":{"allow":["GET"]}}],"collection":[{"href":"https:\/\/denpanels.com\/cs\/wp-json\/wp\/v2\/pages"}],"about":[{"href":"https:\/\/denpanels.com\/cs\/wp-json\/wp\/v2\/types\/page"}],"author":[{"embeddable":true,"href":"https:\/\/denpanels.com\/cs\/wp-json\/wp\/v2\/users\/3"}],"replies":[{"embeddable":true,"href":"https:\/\/denpanels.com\/cs\/wp-json\/wp\/v2\/comments?post=27050"}],"version-history":[{"count":2,"href":"https:\/\/denpanels.com\/cs\/wp-json\/wp\/v2\/pages\/27050\/revisions"}],"predecessor-version":[{"id":27059,"href":"https:\/\/denpanels.com\/cs\/wp-json\/wp\/v2\/pages\/27050\/revisions\/27059"}],"up":[{"embeddable":true,"href":"https:\/\/denpanels.com\/cs\/wp-json\/wp\/v2\/pages\/27140"}],"acf:attachment":[{"embeddable":true,"href":"https:\/\/denpanels.com\/cs\/wp-json\/wp\/v2\/media\/27303"},{"embeddable":true,"href":"https:\/\/denpanels.com\/cs\/wp-json\/wp\/v2\/media\/27289"},{"embeddable":true,"href":"https:\/\/denpanels.com\/cs\/wp-json\/wp\/v2\/media\/27057"},{"embeddable":true,"href":"https:\/\/denpanels.com\/cs\/wp-json\/wp\/v2\/media\/27315"}],"acf:post":[{"embeddable":true,"href":"https:\/\/denpanels.com\/cs\/wp-json\/wp\/v2\/translation\/26793"}],"wp:attachment":[{"href":"https:\/\/denpanels.com\/cs\/wp-json\/wp\/v2\/media?parent=27050"}],"wp:term":[{"taxonomy":"page-section","embeddable":true,"href":"https:\/\/denpanels.com\/cs\/wp-json\/wp\/v2\/page-section?post=27050"},{"taxonomy":"page-template","embeddable":true,"href":"https:\/\/denpanels.com\/cs\/wp-json\/wp\/v2\/page-template?post=27050"}],"curies":[{"name":"wp","href":"https:\/\/api.w.org\/{rel}","templated":true}]}}