{"id":27031,"date":"2024-06-06T13:48:20","date_gmt":"2024-06-06T11:48:20","guid":{"rendered":"https:\/\/denpanels.com\/raw\/"},"modified":"2025-08-13T11:53:45","modified_gmt":"2025-08-13T09:53:45","slug":"panely-raw","status":"publish","type":"page","link":"https:\/\/denpanels.com\/cs\/panely\/panely-raw\/","title":{"rendered":"Panely RAW"},"content":{"rendered":"","protected":false},"excerpt":{"rendered":"","protected":false},"author":3,"featured_media":0,"parent":27140,"menu_order":6,"comment_status":"closed","ping_status":"closed","template":"","meta":{"_acf_changed":false,"footnotes":""},"page-section":[535,533,524,525,528,526,534],"page-template":[470],"class_list":["post-27031","page","type-page","status-publish","hentry","page-section-category-options","page-section-certificates","page-section-datasheet","page-section-hero","page-section-megamenu","page-section-product-category","page-section-the-panels-construction","page-template-raw"],"acf":{"product_category-selected":742,"product_category-headline_p1":"RAW akustick\u00e9 panely","product_category-headline_p2":"Uvoln\u011bte svou kreativitu","product_category-introduction":"<strong>Chcete vytvo\u0159it skute\u010dn\u011b jedine\u010dn\u00fd a personalizovan\u00fd prostor? RAW akustick\u00e9 panely v\u00e1m d\u00e1vaj\u00ed svobodu p\u0159izp\u016fsobit va\u0161e st\u011bny p\u0159esn\u011b podle va\u0161ich p\u0159edstav. Dod\u00e1v\u00e1ny bez d\u00fdhy, tyto panely jsou p\u0159ipraveny k tomu, abyste je mohli nat\u0159\u00edt, naolejovat p\u0159\u00edrodn\u00edm olejem, nebo je nechat neopracovan\u00e9 pro surov\u00fd, industri\u00e1ln\u00ed vzhled. A\u0165 u\u017e jste nad\u0161enec do DIY projekt\u016f nebo chcete prost\u011b jedine\u010dn\u00fd interi\u00e9r, RAW panely v\u00e1m umo\u017en\u00ed m\u00edt plnou kontrolu nad va\u0161\u00edm designem.<\/strong>\r\n\r\n<ul>\r\n    <li><strong>Ide\u00e1ln\u00ed pro DIY projekty<\/strong> \u2013 nat\u0159ete je, naolejujte, nebo nechte p\u0159\u00edrodn\u00ed pro odv\u00e1\u017enou, surovou estetiku.<\/li>\r\n    <li><strong>Vynikaj\u00edc\u00ed pohlcov\u00e1n\u00ed zvuku<\/strong> \u2013 sni\u017euje echo a zlep\u0161uje akustiku v ka\u017ed\u00e9m prostoru.<\/li>\r\n    <li><strong>Udr\u017eiteln\u00e9 materi\u00e1ly<\/strong> \u2013 vyrobeno z FSC\u2122-certifikovan\u00fdch MDF lamel na akustick\u00e9 PET plsti vyroben\u00e9 minim\u00e1ln\u011b z 50 % recyklovan\u00fdch plastov\u00fdch lahv\u00ed.<\/li>\r\n    <li><strong>Dokumentace na profesion\u00e1ln\u00ed \u00farovni<\/strong> \u2013 certifikov\u00e1no LCA a podporuje certifikace DGNB, LEED a BREEAM pro udr\u017eiteln\u00e9 budov\u00e1n\u00ed.<\/li>\r\n<\/ul>\r\n\r\nS RAW akustick\u00fdmi panely z\u00edsk\u00e1te univerz\u00e1ln\u00ed, vysoce kvalitn\u00ed \u0159e\u0161en\u00ed, kter\u00e9 nejen zlep\u0161\u00ed v\u00e1\u0161 prostor, ale tak\u00e9 zlep\u0161\u00ed akustiku a p\u0159isp\u011bje k odpov\u011bdn\u00fdm stavebn\u00edm praktik\u00e1m.\r\n\r\n<i>P\u0159izp\u016fsobte. Pohlcujte zvuk. Vytvo\u0159te n\u011bco jedine\u010dn\u00e9ho.<\/i>","product_category-highlighted_media":27039,"product_category-cta":{"product_category_cta":null},"comparrison_image":"","product_category-some_of_our_combinations":26790,"hero-media":[28523],"hero-h1":"Panely RAW","hero-sub_header":""},"_links":{"self":[{"href":"https:\/\/denpanels.com\/cs\/wp-json\/wp\/v2\/pages\/27031","targetHints":{"allow":["GET"]}}],"collection":[{"href":"https:\/\/denpanels.com\/cs\/wp-json\/wp\/v2\/pages"}],"about":[{"href":"https:\/\/denpanels.com\/cs\/wp-json\/wp\/v2\/types\/page"}],"author":[{"embeddable":true,"href":"https:\/\/denpanels.com\/cs\/wp-json\/wp\/v2\/users\/3"}],"replies":[{"embeddable":true,"href":"https:\/\/denpanels.com\/cs\/wp-json\/wp\/v2\/comments?post=27031"}],"version-history":[{"count":5,"href":"https:\/\/denpanels.com\/cs\/wp-json\/wp\/v2\/pages\/27031\/revisions"}],"predecessor-version":[{"id":30114,"href":"https:\/\/denpanels.com\/cs\/wp-json\/wp\/v2\/pages\/27031\/revisions\/30114"}],"up":[{"embeddable":true,"href":"https:\/\/denpanels.com\/cs\/wp-json\/wp\/v2\/pages\/27140"}],"acf:attachment":[{"embeddable":true,"href":"https:\/\/denpanels.com\/cs\/wp-json\/wp\/v2\/media\/28523"}],"acf:post":[{"embeddable":true,"href":"https:\/\/denpanels.com\/cs\/wp-json\/wp\/v2\/translation\/26790"}],"acf:term":[{"embeddable":true,"taxonomy":"product-category","href":"https:\/\/denpanels.com\/cs\/wp-json\/wp\/v2\/product-category\/742"}],"wp:attachment":[{"href":"https:\/\/denpanels.com\/cs\/wp-json\/wp\/v2\/media?parent=27031"}],"wp:term":[{"taxonomy":"page-section","embeddable":true,"href":"https:\/\/denpanels.com\/cs\/wp-json\/wp\/v2\/page-section?post=27031"},{"taxonomy":"page-template","embeddable":true,"href":"https:\/\/denpanels.com\/cs\/wp-json\/wp\/v2\/page-template?post=27031"}],"curies":[{"name":"wp","href":"https:\/\/api.w.org\/{rel}","templated":true}]}}