{"id":26997,"date":"2024-06-06T13:47:19","date_gmt":"2024-06-06T11:47:19","guid":{"rendered":"https:\/\/denpanels.com\/laminate\/"},"modified":"2025-03-26T14:29:54","modified_gmt":"2025-03-26T13:29:54","slug":"laminatove-panely","status":"publish","type":"page","link":"https:\/\/denpanels.com\/cs\/panely\/laminatove-panely\/","title":{"rendered":"Lamin\u00e1tov\u00e9 panely"},"content":{"rendered":"","protected":false},"excerpt":{"rendered":"","protected":false},"author":3,"featured_media":0,"parent":27140,"menu_order":8,"comment_status":"closed","ping_status":"closed","template":"","meta":{"_acf_changed":false,"footnotes":""},"page-section":[535,524,525,528,526,534],"page-template":[479],"class_list":["post-26997","page","type-page","status-publish","hentry","page-section-category-options","page-section-datasheet","page-section-hero","page-section-megamenu","page-section-product-category","page-section-the-panels-construction","page-template-laminat"],"acf":{"product_category-selected":739,"product_category-headline_p1":"Lamin\u00e1tov\u00e9 panely","product_category-headline_p2":"- P\u0159irozen\u00fd vzhled, minim\u00e1ln\u00ed \u00fadr\u017eba","product_category-introduction":"<strong>Hled\u00e1te stylov\u00e9 a praktick\u00e9 \u0159e\u0161en\u00ed pro st\u011bny? S lamin\u00e1tov\u00fdmi panely od Denpanels z\u00edsk\u00e1te realistick\u00fd vzhled p\u0159\u00edrodn\u00edch materi\u00e1l\u016f, jako je k\u00e1men a mramor \u2013 bez starost\u00ed.<\/strong>\r\n\r\n<ul>\r\n    <li><strong>Autentick\u00fd design<\/strong> \u2013 detailn\u00ed textury a hloubka.<\/li>\r\n    <li><strong>Minim\u00e1ln\u00ed \u00fadr\u017eba<\/strong> \u2013 odoln\u00e9 proti otisk\u016fm prst\u016f a \u0161p\u00edn\u011b.<\/li>\r\n    <li><strong>Zlep\u0161uje akustiku<\/strong> \u2013 sni\u017euje hluk a echo pro klidn\u00fd prostor.<\/li>\r\n    <li><strong>Odoln\u00e9 a praktick\u00e9<\/strong> \u2013 ide\u00e1ln\u00ed pro dom\u00e1cnosti, kancel\u00e1\u0159e a ve\u0159ejn\u00e9 prostory.<\/li>\r\n    <li><strong>\u0160v\u00e9dsk\u00fd design a vysok\u00e1 kvalita<\/strong> \u2013 kombinace estetiky a funk\u010dnosti.<\/li>\r\n<\/ul>\r\n\r\nLamin\u00e1tov\u00e9 panely poskytuj\u00ed elegantn\u00ed vzhled kamene nebo mramoru v cenov\u011b dostupn\u011bj\u0161\u00edm a snadno \u010distiteln\u00e9m \u0159e\u0161en\u00ed \u2013 ide\u00e1ln\u00ed pro ru\u0161n\u00e9 dom\u00e1cnosti a profesion\u00e1ln\u00ed prost\u0159ed\u00ed.\r\n\r\n<i>Nad\u010dasov\u00fd design. Minim\u00e1ln\u00ed \u00fadr\u017eba. Maxim\u00e1ln\u00ed dopad.<\/i>","product_category-highlighted_media":27020,"product_category-cta":{"product_category_cta":null},"comparrison_image":null,"product_category-some_of_our_combinations":26790,"hero-media":[27021],"hero-h1":"Lamin\u00e1tov\u00e9 panely","hero-sub_header":""},"_links":{"self":[{"href":"https:\/\/denpanels.com\/cs\/wp-json\/wp\/v2\/pages\/26997","targetHints":{"allow":["GET"]}}],"collection":[{"href":"https:\/\/denpanels.com\/cs\/wp-json\/wp\/v2\/pages"}],"about":[{"href":"https:\/\/denpanels.com\/cs\/wp-json\/wp\/v2\/types\/page"}],"author":[{"embeddable":true,"href":"https:\/\/denpanels.com\/cs\/wp-json\/wp\/v2\/users\/3"}],"replies":[{"embeddable":true,"href":"https:\/\/denpanels.com\/cs\/wp-json\/wp\/v2\/comments?post=26997"}],"version-history":[{"count":3,"href":"https:\/\/denpanels.com\/cs\/wp-json\/wp\/v2\/pages\/26997\/revisions"}],"predecessor-version":[{"id":27023,"href":"https:\/\/denpanels.com\/cs\/wp-json\/wp\/v2\/pages\/26997\/revisions\/27023"}],"up":[{"embeddable":true,"href":"https:\/\/denpanels.com\/cs\/wp-json\/wp\/v2\/pages\/27140"}],"acf:attachment":[{"embeddable":true,"href":"https:\/\/denpanels.com\/cs\/wp-json\/wp\/v2\/media\/27021"}],"acf:post":[{"embeddable":true,"href":"https:\/\/denpanels.com\/cs\/wp-json\/wp\/v2\/translation\/26790"}],"acf:term":[{"embeddable":true,"taxonomy":"product-category","href":"https:\/\/denpanels.com\/cs\/wp-json\/wp\/v2\/product-category\/739"}],"wp:attachment":[{"href":"https:\/\/denpanels.com\/cs\/wp-json\/wp\/v2\/media?parent=26997"}],"wp:term":[{"taxonomy":"page-section","embeddable":true,"href":"https:\/\/denpanels.com\/cs\/wp-json\/wp\/v2\/page-section?post=26997"},{"taxonomy":"page-template","embeddable":true,"href":"https:\/\/denpanels.com\/cs\/wp-json\/wp\/v2\/page-template?post=26997"}],"curies":[{"name":"wp","href":"https:\/\/api.w.org\/{rel}","templated":true}]}}