{"id":26977,"date":"2024-06-06T13:46:15","date_gmt":"2024-06-06T11:46:15","guid":{"rendered":"https:\/\/denpanels.com\/foiled\/"},"modified":"2025-03-26T14:24:25","modified_gmt":"2025-03-26T13:24:25","slug":"panely-s-folii","status":"publish","type":"page","link":"https:\/\/denpanels.com\/cs\/panely\/panely-s-folii\/","title":{"rendered":"Panely s f\u00f3li\u00ed"},"content":{"rendered":"","protected":false},"excerpt":{"rendered":"","protected":false},"author":3,"featured_media":0,"parent":27140,"menu_order":7,"comment_status":"closed","ping_status":"closed","template":"","meta":{"_acf_changed":false,"footnotes":""},"page-section":[535,524,525,530,528,526,534],"page-template":[539],"class_list":["post-26977","page","type-page","status-publish","hentry","page-section-category-options","page-section-datasheet","page-section-hero","page-section-main-category","page-section-megamenu","page-section-product-category","page-section-the-panels-construction","page-template-category-foiled"],"acf":{"product_category-selected":748,"product_category-headline_p1":"Akustick\u00e9 panely s f\u00f3li\u00ed","product_category-headline_p2":"- Modern\u00ed elegance","product_category-introduction":"<strong>Hled\u00e1te elegantn\u00ed a nen\u00e1ro\u010dn\u00e9 \u0159e\u0161en\u00ed pro st\u011bny, kter\u00e9 zlep\u0161\u00ed jak design, tak akustiku? Akustick\u00e9 panely s f\u00f3li\u00ed nab\u00edzej\u00ed jemn\u00fd a jednotn\u00fd vzhled, zat\u00edmco efektivn\u011b zlep\u0161uj\u00ed kvalitu zvuku ve va\u0161em domov\u011b nebo pracovn\u00edm prostoru.<\/strong>\r\n\r\n<ul>\r\n    <li><strong>\u0160irok\u00e1 nab\u00eddka barev a styl\u016f<\/strong> \u2013 snadno slad\u00edte s va\u0161\u00edm viz\u00ed.<\/li>\r\n    <li><strong>F\u00f3lie obalena na v\u0161ech t\u0159ech viditeln\u00fdch stran\u00e1ch<\/strong> \u2013 pro bez\u0161vov\u00fd a exkluzivn\u00ed fini\u0161.<\/li>\r\n    <li><strong>Odoln\u00e9 a snadno se \u010dist\u00ed<\/strong> \u2013 dlouhotrvaj\u00edc\u00ed \u0159e\u0161en\u00ed s minim\u00e1ln\u00ed \u00fadr\u017ebou.<\/li>\r\n    <li><strong>Navr\u017eeno pro lep\u0161\u00ed akustiku<\/strong> \u2013 sni\u017euje hluk a echo pro klidnou atmosf\u00e9ru.<\/li>\r\n    <li><strong>\u0160v\u00e9dsk\u00fd design<\/strong> \u2013 vyrobeno s d\u016frazem na estetiku a funk\u010dnost.<\/li>\r\n<\/ul>\r\n\r\nS pevn\u00fdm a sofistikovan\u00fdm vzhledem tyto panely p\u0159in\u00e1\u0161ej\u00ed teplo a styl do jak\u00e9hokoli interi\u00e9ru \u2013 bez p\u0159irozen\u00fdch variac\u00ed d\u0159eva, co\u017e zaji\u0161\u0165uje konzistentn\u00ed a vyle\u0161t\u011bn\u00fd fini\u0161.\r\n\r\n<i>Vylep\u0161ete sv\u016fj prostor s akustick\u00fdmi panely s f\u00f3li\u00ed \u2013 jednoduch\u00fd zp\u016fsob, jak dos\u00e1hnout nad\u010dasov\u00e9 elegance a vynikaj\u00edc\u00ed zvukov\u00fd komfort.<\/i>","product_category-highlighted_media":26994,"product_category-cta":{"product_category_cta":null},"comparrison_image":null,"product_category-some_of_our_combinations":26790,"hero-media":[26992],"hero-h1":"Panely s f\u00f3li\u00ed","hero-sub_header":""},"_links":{"self":[{"href":"https:\/\/denpanels.com\/cs\/wp-json\/wp\/v2\/pages\/26977","targetHints":{"allow":["GET"]}}],"collection":[{"href":"https:\/\/denpanels.com\/cs\/wp-json\/wp\/v2\/pages"}],"about":[{"href":"https:\/\/denpanels.com\/cs\/wp-json\/wp\/v2\/types\/page"}],"author":[{"embeddable":true,"href":"https:\/\/denpanels.com\/cs\/wp-json\/wp\/v2\/users\/3"}],"replies":[{"embeddable":true,"href":"https:\/\/denpanels.com\/cs\/wp-json\/wp\/v2\/comments?post=26977"}],"version-history":[{"count":3,"href":"https:\/\/denpanels.com\/cs\/wp-json\/wp\/v2\/pages\/26977\/revisions"}],"predecessor-version":[{"id":26996,"href":"https:\/\/denpanels.com\/cs\/wp-json\/wp\/v2\/pages\/26977\/revisions\/26996"}],"up":[{"embeddable":true,"href":"https:\/\/denpanels.com\/cs\/wp-json\/wp\/v2\/pages\/27140"}],"acf:attachment":[{"embeddable":true,"href":"https:\/\/denpanels.com\/cs\/wp-json\/wp\/v2\/media\/26992"}],"acf:post":[{"embeddable":true,"href":"https:\/\/denpanels.com\/cs\/wp-json\/wp\/v2\/translation\/26790"}],"acf:term":[{"embeddable":true,"taxonomy":"product-category","href":"https:\/\/denpanels.com\/cs\/wp-json\/wp\/v2\/product-category\/748"}],"wp:attachment":[{"href":"https:\/\/denpanels.com\/cs\/wp-json\/wp\/v2\/media?parent=26977"}],"wp:term":[{"taxonomy":"page-section","embeddable":true,"href":"https:\/\/denpanels.com\/cs\/wp-json\/wp\/v2\/page-section?post=26977"},{"taxonomy":"page-template","embeddable":true,"href":"https:\/\/denpanels.com\/cs\/wp-json\/wp\/v2\/page-template?post=26977"}],"curies":[{"name":"wp","href":"https:\/\/api.w.org\/{rel}","templated":true}]}}