{"id":26937,"date":"2024-06-03T12:02:55","date_gmt":"2024-06-03T10:02:55","guid":{"rendered":"https:\/\/denpanels.com\/wood\/"},"modified":"2026-03-24T15:47:09","modified_gmt":"2026-03-24T14:47:09","slug":"drevene-panely","status":"publish","type":"page","link":"https:\/\/denpanels.com\/cs\/panely\/drevene-panely\/","title":{"rendered":"D\u0159ev\u011bn\u00e9 panely"},"content":{"rendered":"","protected":false},"excerpt":{"rendered":"","protected":false},"author":1,"featured_media":0,"parent":27140,"menu_order":1,"comment_status":"closed","ping_status":"closed","template":"","meta":{"_acf_changed":false,"footnotes":""},"page-section":[535,533,536,524,525,529,528,526,534],"page-template":[480],"class_list":["post-26937","page","type-page","status-publish","hentry","page-section-category-options","page-section-certificates","page-section-content-blocks","page-section-datasheet","page-section-hero","page-section-highlighted-inspiration","page-section-megamenu","page-section-product-category","page-section-the-panels-construction","page-template-wood-panels"],"acf":{"product_category-selected":741,"product_category-headline_p1":"D\u0159ev\u011bn\u00e9 panely","product_category-headline_p2":"Prom\u011b\u0148te sv\u016fj prostor p\u0159irozenou kr\u00e1sou","product_category-introduction":"<strong>Chcete vytvo\u0159it prostor, kter\u00fd bude kr\u00e1sn\u00fd a pohodln\u00fd? D\u0159ev\u011bn\u00e9 panely od Denpanels nab\u00edzej\u00ed p\u0159irozen\u00e9 a stylov\u00e9 \u0159e\u0161en\u00ed, kter\u00e9 zlep\u0161\u00ed nejen v\u00e1\u0161 interi\u00e9r, ale tak\u00e9 akustiku m\u00edstnosti.<\/strong>\r\n\r\n<ul>\r\n    <li><strong> Vpus\u0165te p\u0159\u00edrodu do sv\u00e9ho domova<\/strong> \u2013 vytvo\u0159te teplou a p\u0159\u00edv\u011btivou atmosf\u00e9ru.<\/li>\r\n    <li><strong> Nordic Swan Ecolabel & ekologick\u00e1 volba<\/strong> \u2013 uv\u011bdom\u011bl\u00e1 volba pro v\u00e1s i pro \u017eivotn\u00ed prost\u0159ed\u00ed.<\/li>\r\n    <li><strong> P\u0159\u00edrodn\u00ed d\u0159ev\u011bn\u00e9 povrchy<\/strong> \u2013 prav\u00e1 d\u00fdha, kter\u00e1 p\u0159id\u00e1v\u00e1 eleganci a hloubku.<\/li>\r\n    <li><strong> Udr\u017eiteln\u00e9 & FSC\u2122-certifikovan\u00e9 d\u0159evo<\/strong> \u2013 materi\u00e1ly poch\u00e1zej\u00edc\u00ed z odpov\u011bdn\u011b obhospoda\u0159ovan\u00fdch les\u016f a trvanliv\u00e9.<\/li>\r\n    <li><strong> Vysoce kvalitn\u00ed d\u00e1nsk\u00fd design<\/strong> \u2013 vyrobeno s d\u016frazem na estetiku i funk\u010dnost.<\/li>\r\n<\/ul>\r\n\r\nNa\u0161e d\u0159ev\u011bn\u00e9 panely jsou navr\u017eeny tak, aby absorbovaly zvuk a sni\u017eovaly dozvuk, \u010d\u00edm\u017e vytv\u00e1\u0159ej\u00ed klidn\u011bj\u0161\u00ed a pohodln\u011bj\u0161\u00ed akustick\u00e9 prost\u0159ed\u00ed \u2013 ide\u00e1ln\u00ed pro dom\u00e1cnosti, kancel\u00e1\u0159e a ve\u0159ejn\u00e9 prostory.\r\n\r\n<strong>Snadn\u00e1 instalace, ohromuj\u00edc\u00ed design a akustika, kterou m\u016f\u017eete c\u00edtit.<\/strong>\r\n\r\n*Vyrobeno z kompozitn\u00edho d\u0159eva, kter\u00e9 zaji\u0161\u0165uje jednotn\u00fd vzhled.","product_category-highlighted_media":26969,"product_category-cta":{"product_category_cta":null},"comparrison_image":"","product_category-some_of_our_combinations":26790,"hero-media":[26974],"hero-h1":"D\u0159ev\u011bn\u00e9 panely","hero-sub_header":""},"_links":{"self":[{"href":"https:\/\/denpanels.com\/cs\/wp-json\/wp\/v2\/pages\/26937","targetHints":{"allow":["GET"]}}],"collection":[{"href":"https:\/\/denpanels.com\/cs\/wp-json\/wp\/v2\/pages"}],"about":[{"href":"https:\/\/denpanels.com\/cs\/wp-json\/wp\/v2\/types\/page"}],"author":[{"embeddable":true,"href":"https:\/\/denpanels.com\/cs\/wp-json\/wp\/v2\/users\/1"}],"replies":[{"embeddable":true,"href":"https:\/\/denpanels.com\/cs\/wp-json\/wp\/v2\/comments?post=26937"}],"version-history":[{"count":4,"href":"https:\/\/denpanels.com\/cs\/wp-json\/wp\/v2\/pages\/26937\/revisions"}],"predecessor-version":[{"id":31098,"href":"https:\/\/denpanels.com\/cs\/wp-json\/wp\/v2\/pages\/26937\/revisions\/31098"}],"up":[{"embeddable":true,"href":"https:\/\/denpanels.com\/cs\/wp-json\/wp\/v2\/pages\/27140"}],"acf:attachment":[{"embeddable":true,"href":"https:\/\/denpanels.com\/cs\/wp-json\/wp\/v2\/media\/26974"}],"acf:post":[{"embeddable":true,"href":"https:\/\/denpanels.com\/cs\/wp-json\/wp\/v2\/translation\/26790"}],"acf:term":[{"embeddable":true,"taxonomy":"product-category","href":"https:\/\/denpanels.com\/cs\/wp-json\/wp\/v2\/product-category\/741"}],"wp:attachment":[{"href":"https:\/\/denpanels.com\/cs\/wp-json\/wp\/v2\/media?parent=26937"}],"wp:term":[{"taxonomy":"page-section","embeddable":true,"href":"https:\/\/denpanels.com\/cs\/wp-json\/wp\/v2\/page-section?post=26937"},{"taxonomy":"page-template","embeddable":true,"href":"https:\/\/denpanels.com\/cs\/wp-json\/wp\/v2\/page-template?post=26937"}],"curies":[{"name":"wp","href":"https:\/\/api.w.org\/{rel}","templated":true}]}}