{"id":26932,"date":"2024-07-11T14:10:27","date_gmt":"2024-07-11T12:10:27","guid":{"rendered":"https:\/\/denpanels.com\/responsibility\/"},"modified":"2025-03-26T14:02:21","modified_gmt":"2025-03-26T13:02:21","slug":"odpovednost","status":"publish","type":"page","link":"https:\/\/denpanels.com\/cs\/odpovednost\/","title":{"rendered":"Odpov\u011bdnost"},"content":{"rendered":"","protected":false},"excerpt":{"rendered":"","protected":false},"author":3,"featured_media":0,"parent":0,"menu_order":0,"comment_status":"closed","ping_status":"closed","template":"","meta":{"_acf_changed":false,"footnotes":""},"page-section":[525],"page-template":[543],"class_list":["post-26932","page","type-page","status-publish","hentry","page-section-hero","page-template-page-responsibility"],"acf":{"responsibility-intro_section":{"responsibility_intro-headline":"Oddanost k","responsibility_intro-headline_p2":"Odpov\u011bdn\u00e1 v\u00fdroba","responsibility_intro-content":"V Denpanels nen\u00ed odpov\u011bdnost jen m\u00f3dn\u00ed pojem; je to na\u0161e ambice. Pe\u010dliv\u011b zapojujeme environment\u00e1ln\u00ed \u00favahy do ka\u017ed\u00e9ho kroku na\u0161\u00ed hodnotov\u00e9 \u0159et\u011bzce, od konceptu a\u017e po kone\u010dn\u00e9ho z\u00e1kazn\u00edka. Na\u0161e zam\u011b\u0159en\u00ed na dlouhotrvaj\u00edc\u00ed kvalitn\u00ed produkty, jako jsou na\u0161e elegantn\u00ed a nad\u010dasov\u00e9 akustick\u00e9 panely, odr\u00e1\u017e\u00ed na\u0161i oddanost inteligentn\u00edm a udr\u017eiteln\u011bj\u0161\u00edm \u0159e\u0161en\u00edm.\r\n\r\nN\u00e1\u0161 z\u00e1vazek k odpov\u011bdnosti je certifikov\u00e1n prost\u0159ednictv\u00edm r\u016fzn\u00fdch kan\u00e1l\u016f. Pou\u017eit\u00ed d\u0159eva s certifikac\u00ed FSC\u2122 v na\u0161ich panelech zaji\u0161\u0165uje odpov\u011bdnou a ekologicky uv\u011bdom\u011blou v\u00fdrobu. Na\u0161e spolupr\u00e1ce se zna\u010dkou Nordic Swan Ecolabel posiluje na\u0161i oddanost minimalizaci odpadu a vyh\u00fdb\u00e1n\u00ed se toxick\u00fdm chemik\u00e1li\u00edm. Aktivn\u011b se zavazujeme k c\u00edl\u016fm OSN pro udr\u017eiteln\u00fd rozvoj a na\u0161e \u00fasil\u00ed harmonizujeme s glob\u00e1ln\u00edmi iniciativami pro lep\u0161\u00ed sv\u011bt.\r\n\r\nV Denpanels nen\u00ed odpov\u011bdn\u00e1 spot\u0159eba a v\u00fdroba jen ide\u00e1ly, ale ka\u017edodenn\u00edmi praktikami. Na\u0161e p\u0159\u00edsn\u00e1 kontrola kvality zaji\u0161\u0165uje, \u017ee z\u00e1kazn\u00edk\u016fm doraz\u00ed pouze produkty velmi vysok\u00e9 kvality. V p\u0159\u00edpad\u011b v\u00fdrobn\u00edch vad ukazujeme na\u0161i oddanost oprav\u00e1m a recyklaci materi\u00e1l\u016f, co\u017e dokazuje na\u0161e zam\u011b\u0159en\u00ed na minimalizaci odpadu a vyh\u00fdb\u00e1n\u00ed se zbyte\u010dn\u00e9 spot\u0159eb\u011b zdroj\u016f.\r\n\r\nVzhledem k vlivu zne\u010di\u0161t\u011bn\u00ed plastem na vodn\u00ed \u017eivot p\u0159isp\u00edv\u00e1 Denpanels k cirkul\u00e1rn\u00ed ekonomice t\u00edm, \u017ee recykluje materi\u00e1ly v na\u0161ich akustick\u00fdch panelech. PET plst, kter\u00e1 je sou\u010d\u00e1st\u00ed panel\u016f a obsahuje minim\u00e1ln\u011b 50 % recyklovan\u00fdch plastov\u00fdch lahv\u00ed, je d\u016fkazem na\u0161eho z\u00e1vazku k ochran\u011b vodn\u00edho \u017eivota. D\u00e1le, jako spole\u010dnost s certifikac\u00ed FSC\u2122, zaji\u0161\u0165ujeme, \u017ee na\u0161e d\u0159ev\u011bn\u00e9 panely p\u0159isp\u00edvaj\u00ed k udr\u017eov\u00e1n\u00ed zdrav\u00e9 rovnov\u00e1hy v les\u00edch a pozemsk\u00e9m \u017eivot\u011b na sv\u011bt\u011b."},"responsibility-background_image":26933,"responsibility-certificates":{"certificate":[{"responsibility_certificates-logo":22731,"responsibility_certificates-title":"Forest Stewardship council","responsibility_certificates-description":"Vyr\u00e1b\u00edme na\u0161e akustick\u00e9 panely z FSC\u2122-certifikovan\u00e9ho d\u0159eva poch\u00e1zej\u00edc\u00edho z odpov\u011bdn\u011b obhospoda\u0159ovan\u00fdch les\u016f a dal\u0161\u00edch kontrolovan\u00fdch zdroj\u016f.\r\n\r\nForest Stewardship Council\u2122 (FSC\u2122) je mezin\u00e1rodn\u00ed neziskov\u00e1 certifika\u010dn\u00ed sch\u00e9ma pro d\u0159evo a pap\u00edr. Logo FSC\u2122 lze naj\u00edt na produktech z d\u0159eva a pap\u00edru, tak\u017ee v\u00edte, \u017ee m\u016f\u017eete tyto produkty zakoupit s \u010dist\u00fdm sv\u011bdom\u00edm. V les\u00edch s certifikac\u00ed FSC\u2122 jsou stromy skl\u00edzeny tempem, kter\u00e9 neumo\u017e\u0148uje rychlej\u0161\u00ed k\u00e1cen\u00ed, ne\u017e jak\u00fdm se les m\u016f\u017ee obnovit. FSC\u2122 nav\u00edc zaru\u010duje, \u017ee m\u00edstn\u00ed komunity, biodiverzita a lesn\u00ed pracovn\u00edci jsou zach\u00e1zeni s \u00factou.\r\n\r\nNev\u00e1hejte n\u00e1s kontaktovat, pokud m\u00e1te jak\u00e9koliv dotazy ohledn\u011b na\u0161\u00ed FSC\u2122-certifikace nebo na\u0161eho zam\u011b\u0159en\u00ed na udr\u017eitelnost.","responsibility_certificates-cta_link":"","responsibility_certificates-cta_text":""},{"responsibility_certificates-logo":24185,"responsibility_certificates-title":"Nordic Swan Ecolabel","responsibility_certificates-description":"Nordic Swan Ecolabel nen\u00ed jen dal\u0161\u00ed zna\u010dka nebo certifikace. Je to ofici\u00e1ln\u00ed environment\u00e1ln\u00ed zna\u010dka seversk\u00fdch zem\u00ed a je pova\u017eov\u00e1na za jednu z nejp\u0159\u00edsn\u011bj\u0161\u00edch a nejambici\u00f3zn\u011bj\u0161\u00edch environment\u00e1ln\u00edch certifikac\u00ed na sv\u011bt\u011b. Nordic Swan Ecolabel slou\u017e\u00ed jako vod\u00edtko pro spot\u0159ebitele, co\u017e usnad\u0148uje p\u0159echod na ekologi\u010dt\u011bj\u0161\u00ed \u017eivotn\u00ed styl. V\u00fdznam Nordic Swan Ecolabel v cel\u00e9 seversk\u00e9 oblasti roste.\r\n\r\nV D\u00e1nsku samotn\u00e9m je se zna\u010dkou obezn\u00e1meno 95 % obyvatelstva a 67 % aktivn\u011b hled\u00e1 tuto zna\u010dku p\u0159i rozhodov\u00e1n\u00ed o n\u00e1kupu; nyn\u00ed ji lze naj\u00edt i na akustick\u00fdch panelech. A\u017e 68 % D\u00e1n\u016f se aktivn\u011b pod\u00edl\u00ed na osobn\u00edch akc\u00edch na ochranu \u017eivotn\u00edho prost\u0159ed\u00ed. Dr\u017eitel\u00e9 licence Nordic Swan Ecolabel mohou vyu\u017e\u00edvat ekologi\u010dnosti jako strategickou konkuren\u010dn\u00ed v\u00fdhodu a podporovat udr\u017eiteln\u011bj\u0161\u00ed spole\u010dnost.","responsibility_certificates-cta_link":"","responsibility_certificates-cta_text":""},{"responsibility_certificates-logo":26943,"responsibility_certificates-title":"Testov\u00e1no na kvalitu vzduchu","responsibility_certificates-description":"Kdy\u017e si vyberete akustick\u00e9 panely od Denpanels, kter\u00e9 jsou testov\u00e1ny a schv\u00e1leny podle n\u011bmeck\u00e9 normy AgBB pro vnit\u0159n\u00ed klima, z\u00edsk\u00e1te v\u00edc ne\u017e jen lep\u0161\u00ed zvuk ve va\u0161em domov\u011b. Z\u00edsk\u00e1te \u0159e\u0161en\u00ed, kter\u00e9 aktivn\u011b p\u0159isp\u00edv\u00e1 k zdrav\u011bj\u0161\u00edmu a \u010dist\u011bj\u0161\u00edmu vnit\u0159n\u00edmu prost\u0159ed\u00ed.\r\n\r\nSchv\u00e1len\u00ed podle AgBB zaji\u0161\u0165uje, \u017ee panely neobsahuj\u00ed \u0161kodliv\u00e9 emise, co\u017e znamen\u00e1, \u017ee si m\u016f\u017eete u\u017e\u00edvat pohodln\u00e9 a zdrav\u00e9 prost\u0159ed\u00ed bez obav. S akustick\u00fdmi panely Denpanels z\u00edsk\u00e1te nejen optim\u00e1ln\u00ed akustiku, ale tak\u00e9 z\u00e1ruku, \u017ee vzduch, kter\u00fd d\u00fdch\u00e1te, je co nej\u010dist\u0161\u00ed. Je to investice do pohodl\u00ed i zdrav\u00ed.","responsibility_certificates-cta_link":"","responsibility_certificates-cta_text":""}]},"hero-media":"","hero-h1":"","hero-sub_header":""},"_links":{"self":[{"href":"https:\/\/denpanels.com\/cs\/wp-json\/wp\/v2\/pages\/26932","targetHints":{"allow":["GET"]}}],"collection":[{"href":"https:\/\/denpanels.com\/cs\/wp-json\/wp\/v2\/pages"}],"about":[{"href":"https:\/\/denpanels.com\/cs\/wp-json\/wp\/v2\/types\/page"}],"author":[{"embeddable":true,"href":"https:\/\/denpanels.com\/cs\/wp-json\/wp\/v2\/users\/3"}],"replies":[{"embeddable":true,"href":"https:\/\/denpanels.com\/cs\/wp-json\/wp\/v2\/comments?post=26932"}],"version-history":[{"count":3,"href":"https:\/\/denpanels.com\/cs\/wp-json\/wp\/v2\/pages\/26932\/revisions"}],"predecessor-version":[{"id":26936,"href":"https:\/\/denpanels.com\/cs\/wp-json\/wp\/v2\/pages\/26932\/revisions\/26936"}],"wp:attachment":[{"href":"https:\/\/denpanels.com\/cs\/wp-json\/wp\/v2\/media?parent=26932"}],"wp:term":[{"taxonomy":"page-section","embeddable":true,"href":"https:\/\/denpanels.com\/cs\/wp-json\/wp\/v2\/page-section?post=26932"},{"taxonomy":"page-template","embeddable":true,"href":"https:\/\/denpanels.com\/cs\/wp-json\/wp\/v2\/page-template?post=26932"}],"curies":[{"name":"wp","href":"https:\/\/api.w.org\/{rel}","templated":true}]}}