{"id":26925,"date":"2024-05-23T15:21:12","date_gmt":"2024-05-23T13:21:12","guid":{"rendered":"https:\/\/denpanels.com\/about\/"},"modified":"2025-03-26T13:57:52","modified_gmt":"2025-03-26T12:57:52","slug":"o-nas","status":"publish","type":"page","link":"https:\/\/denpanels.com\/cs\/o-nas\/","title":{"rendered":"O n\u00e1s"},"content":{"rendered":"","protected":false},"excerpt":{"rendered":"","protected":false},"author":1,"featured_media":0,"parent":0,"menu_order":0,"comment_status":"closed","ping_status":"closed","template":"","meta":{"_acf_changed":false,"footnotes":""},"page-section":[536,525,526],"page-template":[111],"class_list":["post-26925","page","type-page","status-publish","hentry","page-section-content-blocks","page-section-hero","page-section-product-category","page-template-about-us"],"acf":{"product_category-selected":false,"product_category-headline_p1":"O n\u00e1s","product_category-headline_p2":"Denpanels","product_category-introduction":"Denpanels byla zalo\u017eena s viz\u00ed vytvo\u0159it zna\u010dku, kter\u00e1 se nejen p\u0159izp\u016fsob\u00ed evropsk\u00e9mu trhu, ale tak\u00e9 oslav\u00ed jeho rozmanitost a bohat\u00e9 designov\u00e9 tradice. S ko\u0159eny v D\u00e1nsku a jako sou\u010d\u00e1st Fog & Ven\u00f8, si Denpanels rychle vybudoval pov\u011bst symbolu kvalitn\u00edho \u0159emesln\u00e9ho zpracov\u00e1n\u00ed a estetick\u00e9 inovace.\r\n\r\nAle jsme v\u00edc ne\u017e jen kr\u00e1sn\u00e9 povrchy \u2013 jsme tu pro ty, kte\u0159\u00ed maj\u00ed r\u00e1di tvorbu. A\u0165 u\u017e stav\u00edte od z\u00e1kladu, renovujete, nebo prost\u011b p\u0159id\u00e1v\u00e1te osobn\u00ed dotek prostoru, na\u0161e panely jsou navr\u017eeny tak, aby se s nimi snadno pracovalo. Montujte je, \u0159e\u017ete je, malujte je, nebo je kombinujte nov\u00fdmi zp\u016fsoby \u2013 volba je na v\u00e1s!\r\n\r\nV Denpanels jde v\u0161echno o to, aby bylo snadn\u00e9 vytvo\u0159it n\u011bco, co se v\u00e1m l\u00edb\u00ed. Z\u00e1rove\u0148 p\u0159eb\u00edr\u00e1me odpov\u011bdnost t\u00edm, \u017ee vol\u00edme udr\u017eiteln\u00e9 materi\u00e1ly, minimalizujeme odpad a zaji\u0161\u0165ujeme produkty, kter\u00e9 vydr\u017e\u00ed po mnoho let.\r\n\r\nA\u0165 u\u017e jste zku\u0161en\u00fd kutil nebo jen r\u00e1di pracujete rukama \u2013 vezm\u011bte n\u00e1stroje a poj\u010fme spole\u010dn\u011b vytvo\u0159it n\u011bco skv\u011bl\u00e9ho!","product_category-highlighted_media":27350,"product_category-cta":{"product_category_cta":[{"product_category_cta-link":{"title":"Panels","url":"https:\/\/denpanels.com\/en\/panels\/","target":""},"product_category_cta-link_text":21266,"product_category_cta-button_look":"uk-button-secondary","product_category_cta-button_icon":"chevron-right"}]},"comparrison_image":null,"product_category-some_of_our_combinations":26790,"hero-media":[26926],"hero-h1":"Denpanels","hero-sub_header":"Elegantn\u00ed evropsk\u00fd styl"},"_links":{"self":[{"href":"https:\/\/denpanels.com\/cs\/wp-json\/wp\/v2\/pages\/26925","targetHints":{"allow":["GET"]}}],"collection":[{"href":"https:\/\/denpanels.com\/cs\/wp-json\/wp\/v2\/pages"}],"about":[{"href":"https:\/\/denpanels.com\/cs\/wp-json\/wp\/v2\/types\/page"}],"author":[{"embeddable":true,"href":"https:\/\/denpanels.com\/cs\/wp-json\/wp\/v2\/users\/1"}],"replies":[{"embeddable":true,"href":"https:\/\/denpanels.com\/cs\/wp-json\/wp\/v2\/comments?post=26925"}],"version-history":[{"count":4,"href":"https:\/\/denpanels.com\/cs\/wp-json\/wp\/v2\/pages\/26925\/revisions"}],"predecessor-version":[{"id":26931,"href":"https:\/\/denpanels.com\/cs\/wp-json\/wp\/v2\/pages\/26925\/revisions\/26931"}],"acf:attachment":[{"embeddable":true,"href":"https:\/\/denpanels.com\/cs\/wp-json\/wp\/v2\/media\/26926"}],"acf:post":[{"embeddable":true,"href":"https:\/\/denpanels.com\/cs\/wp-json\/wp\/v2\/translation\/26790"}],"wp:attachment":[{"href":"https:\/\/denpanels.com\/cs\/wp-json\/wp\/v2\/media?parent=26925"}],"wp:term":[{"taxonomy":"page-section","embeddable":true,"href":"https:\/\/denpanels.com\/cs\/wp-json\/wp\/v2\/page-section?post=26925"},{"taxonomy":"page-template","embeddable":true,"href":"https:\/\/denpanels.com\/cs\/wp-json\/wp\/v2\/page-template?post=26925"}],"curies":[{"name":"wp","href":"https:\/\/api.w.org\/{rel}","templated":true}]}}